{"id":1102,"date":"2024-05-08T18:27:10","date_gmt":"2024-05-08T18:27:10","guid":{"rendered":"https:\/\/physis-menorca.com\/team"},"modified":"2025-02-06T11:08:29","modified_gmt":"2025-02-06T11:08:29","slug":"team","status":"publish","type":"page","link":"https:\/\/physis-menorca.com\/en\/team\/","title":{"rendered":"Team"},"content":{"rendered":"<p>[et_pb_section fb_built=&#8221;1&#8243; _builder_version=&#8221;4.27.4&#8243; _module_preset=&#8221;default&#8221; background_color=&#8221;#ddcdae&#8221; custom_margin=&#8221;||||false|false&#8221; custom_padding=&#8221;0px|||||&#8221; global_colors_info=&#8221;{}&#8221;][et_pb_row _builder_version=&#8221;4.24.2&#8243; _module_preset=&#8221;default&#8221; width=&#8221;100%&#8221; max_width=&#8221;100%&#8221; module_alignment=&#8221;center&#8221; custom_padding=&#8221;0px||||false|false&#8221; locked=&#8221;off&#8221; global_colors_info=&#8221;{}&#8221;][et_pb_column type=&#8221;4_4&#8243; _builder_version=&#8221;4.24.2&#8243; _module_preset=&#8221;default&#8221; global_colors_info=&#8221;{}&#8221;][et_pb_slider _builder_version=&#8221;4.27.4&#8243; _module_preset=&#8221;default&#8221; custom_button=&#8221;on&#8221; button_bg_enable_image=&#8221;off&#8221; button_icon=&#8221;&#x3c;||divi||400&#8243; min_height_tablet=&#8221;&#8221; min_height_phone=&#8221;180px&#8221; min_height_last_edited=&#8221;on|phone&#8221; custom_margin=&#8221;0px||||false|false&#8221; custom_margin_tablet=&#8221;0px||||false|false&#8221; custom_margin_phone=&#8221;0px||||false|false&#8221; custom_margin_last_edited=&#8221;on|phone&#8221; hover_enabled=&#8221;0&#8243; box_shadow_style=&#8221;preset6&#8243; box_shadow_vertical=&#8221;4px&#8221; global_colors_info=&#8221;{}&#8221; sticky_enabled=&#8221;0&#8243;][et_pb_slide _builder_version=&#8221;4.27.4&#8243; _module_preset=&#8221;default&#8221; background_image=&#8221;https:\/\/physis-menorca.com\/wp-content\/uploads\/2025\/02\/image00006-ret-scaled-e1738840037368.jpg&#8221; background_enable_image=&#8221;on&#8221; background_position=&#8221;top_left&#8221; hover_enabled=&#8221;0&#8243; global_colors_info=&#8221;{}&#8221; sticky_transition=&#8221;on&#8221; title_text=&#8221;image00006 ret&#8221; sticky_enabled=&#8221;0&#8243;][\/et_pb_slide][\/et_pb_slider][\/et_pb_column][\/et_pb_row][et_pb_row column_structure=&#8221;2_5,3_5&#8243; _builder_version=&#8221;4.27.2&#8243; _module_preset=&#8221;default&#8221; width=&#8221;90%&#8221; global_colors_info=&#8221;{}&#8221;][et_pb_column type=&#8221;2_5&#8243; _builder_version=&#8221;4.24.2&#8243; _module_preset=&#8221;default&#8221; global_colors_info=&#8221;{}&#8221;][et_pb_text _builder_version=&#8221;4.24.2&#8243; _module_preset=&#8221;default&#8221; background_image=&#8221;https:\/\/physis-menorca.com\/wp-content\/uploads\/2024\/05\/image00011.jpg&#8221; width=&#8221;250px&#8221; module_alignment=&#8221;center&#8221; height=&#8221;225px&#8221; border_radii=&#8221;on|20px|20px|20px|20px&#8221; box_shadow_style=&#8221;preset6&#8243; box_shadow_vertical=&#8221;5px&#8221; box_shadow_blur=&#8221;3px&#8221; locked=&#8221;off&#8221; global_colors_info=&#8221;{}&#8221;][\/et_pb_text][\/et_pb_column][et_pb_column type=&#8221;3_5&#8243; _builder_version=&#8221;4.24.2&#8243; _module_preset=&#8221;default&#8221; global_colors_info=&#8221;{}&#8221;][et_pb_heading title=&#8221;Joseph Jover&#8221; _builder_version=&#8221;4.27.4&#8243; _module_preset=&#8221;default&#8221; title_font=&#8221;Atkinson Hyperlegible|700|||||||&#8221; title_text_align=&#8221;left&#8221; custom_margin=&#8221;||7px|-100px|false|false&#8221; custom_margin_tablet=&#8221;||0px|0px|false|false&#8221; custom_margin_phone=&#8221;||0px|0px|false|false&#8221; custom_margin_last_edited=&#8221;on|phone&#8221; custom_padding=&#8221;50px||0px||false|false&#8221; custom_padding_tablet=&#8221;0px||0px||false|false&#8221; custom_padding_phone=&#8221;0px||0px||false|false&#8221; custom_padding_last_edited=&#8221;on|tablet&#8221; title_text_align_tablet=&#8221;center&#8221; title_text_align_phone=&#8221;center&#8221; title_text_align_last_edited=&#8221;on|desktop&#8221; global_colors_info=&#8221;{}&#8221;][\/et_pb_heading][et_pb_toggle title=&#8221;Specialist in advanced invasive physiotherapy, TMJ treatment and manipulative techniques.&#8221; icon_color=&#8221;rgba(0,0,0,0.13)&#8221; use_icon_font_size=&#8221;on&#8221; icon_font_size=&#8221;28px&#8221; open_icon_color=&#8221;rgba(0,0,0,0.13)&#8221; open_use_icon_font_size=&#8221;on&#8221; open_icon_font_size=&#8221;28px&#8221; _builder_version=&#8221;4.27.4&#8243; _module_preset=&#8221;default&#8221; background_color=&#8221;rgba(255,255,255,0.25)&#8221; custom_margin=&#8221;||0px|-100px|false|false&#8221; custom_margin_tablet=&#8221;|||0px|false|false&#8221; custom_margin_phone=&#8221;|||0px|false|false&#8221; custom_margin_last_edited=&#8221;on|tablet&#8221; body_font_size_tablet=&#8221;&#8221; body_font_size_phone=&#8221;&#8221; body_font_size_last_edited=&#8221;on|phone&#8221; border_radii=&#8221;on|20px|20px|20px|20px&#8221; border_width_all=&#8221;0px&#8221; global_colors_info=&#8221;{}&#8221;]<\/p>\n<p>&#8211; Diploma in Physiotherapy UVic (2008\/2011)<br \/> &#8211; TAAFE (2006\/2008)<br \/> &#8211; Postgraduate in Advanced Invasive Physiotherapy (2023)<br \/> &#8211; Myofascial Release Course with Hooks (2012)<br \/> &#8211; Master in Equine Physiotherapy (2013\/2014)<br \/> &#8211; Postgraduate in Equine and Canine Osteopathy (2014\/2015)<br \/> &#8211; Manipulative techniques course (2020)<br \/> &#8211; Electroneuroacupuncture Course (ENA) (2023)<br \/> &#8211; Percutaneous Neuromodulation Courses (nmp and nfd) (2021-2022)<br \/> &#8211; Percutaneous Electrolysis Courses (EPI and EPTE) (2015-2021)<br \/> &#8211; ATM course (2017)<br \/> &#8211; Training in Pathological Ultrasound (2024)<\/p>\n<p>Professional experience<br \/> &#8211; DIR Campus injury rehabilitator (2011\/2012)<br \/> &#8211; Physiosports (2012\/2014)<br \/> &#8211; Impulse (2014\/2020)<br \/> &#8211; Josep Jover Physiotherapy (2020\/2023)<br \/> &#8211; Physiotherapist Basketball Menorca (2018\/2020)<br \/> &#8211; Physiotherapist Ballers United (2020\u2026)<\/p>\n<p>[\/et_pb_toggle][\/et_pb_column][\/et_pb_row][et_pb_row column_structure=&#8221;2_5,3_5&#8243; _builder_version=&#8221;4.24.2&#8243; _module_preset=&#8221;default&#8221; width=&#8221;90%&#8221; global_colors_info=&#8221;{}&#8221;][et_pb_column type=&#8221;2_5&#8243; _builder_version=&#8221;4.24.2&#8243; _module_preset=&#8221;default&#8221; global_colors_info=&#8221;{}&#8221;][et_pb_text _builder_version=&#8221;4.24.2&#8243; _module_preset=&#8221;default&#8221; background_image=&#8221;https:\/\/physis-menorca.com\/wp-content\/uploads\/2024\/05\/image00009.jpg&#8221; width=&#8221;250px&#8221; module_alignment=&#8221;center&#8221; height=&#8221;225px&#8221; border_radii=&#8221;on|20px|20px|20px|20px&#8221; box_shadow_style=&#8221;preset6&#8243; box_shadow_vertical=&#8221;5px&#8221; box_shadow_blur=&#8221;3px&#8221; locked=&#8221;off&#8221; global_colors_info=&#8221;{}&#8221;][\/et_pb_text][\/et_pb_column][et_pb_column type=&#8221;3_5&#8243; _builder_version=&#8221;4.24.2&#8243; _module_preset=&#8221;default&#8221; global_colors_info=&#8221;{}&#8221;][et_pb_heading title=&#8221;Carlos Lluch&#8221; _builder_version=&#8221;4.27.4&#8243; _module_preset=&#8221;default&#8221; title_font=&#8221;Atkinson Hyperlegible|700|||||||&#8221; title_text_align=&#8221;left&#8221; custom_margin=&#8221;||7px|-100px|false|false&#8221; custom_margin_tablet=&#8221;||0px|0px|false|false&#8221; custom_margin_phone=&#8221;||0px|0px|false|false&#8221; custom_margin_last_edited=&#8221;on|desktop&#8221; custom_padding=&#8221;50px||||false|false&#8221; custom_padding_tablet=&#8221;0px||||false|false&#8221; custom_padding_phone=&#8221;0px||||false|false&#8221; custom_padding_last_edited=&#8221;on|tablet&#8221; title_text_align_tablet=&#8221;center&#8221; title_text_align_phone=&#8221;center&#8221; title_text_align_last_edited=&#8221;on|phone&#8221; global_colors_info=&#8221;{}&#8221;][\/et_pb_heading][et_pb_toggle title=&#8221;Specialist in Invasive Physiotherapy and Therapeutic Exercise&#8221; icon_color=&#8221;rgba(0,0,0,0.13)&#8221; use_icon_font_size=&#8221;on&#8221; icon_font_size=&#8221;28px&#8221; open_icon_color=&#8221;rgba(0,0,0,0.13)&#8221; open_use_icon_font_size=&#8221;on&#8221; open_icon_font_size=&#8221;28px&#8221; _builder_version=&#8221;4.27.4&#8243; _module_preset=&#8221;default&#8221; background_color=&#8221;rgba(255,255,255,0.25)&#8221; custom_margin=&#8221;|||-100px|false|false&#8221; custom_margin_tablet=&#8221;|||0px|false|false&#8221; custom_margin_phone=&#8221;|||0px|false|false&#8221; custom_margin_last_edited=&#8221;on|desktop&#8221; custom_padding=&#8221;||||false|false&#8221; border_radii=&#8221;on|20px|20px|20px|20px&#8221; border_width_all=&#8221;0px&#8221; global_colors_info=&#8221;{}&#8221;]<\/p>\n<p>&#8211; Graduate in Physiotherapy UIB\/UAB (2019\/2023)<br \/> &#8211; TAAFE (2017\/2019)<br \/> &#8211; University expert course in Exercise Biomechanics (2022)<br \/> &#8211; Postgraduate in Advanced Invasive Physiotherapy (2024)<br \/> &#8211; Electroneuroacupuncture Course (ENA) (2023)<br \/> &#8211; Dry needling and electropuncture course (2024)<\/p>\n<p>&#8211; FLIC FLAC Artistic Gymnastics Club Physiotherapist (2024-\u2026)<\/p>\n<p>Professional experience<br \/> &#8211; UE Cornell\u00e1 (2023)<br \/> &#8211; \u2060Physio&amp;Move Madrid (2024)<\/p>\n<p>[\/et_pb_toggle][\/et_pb_column][\/et_pb_row][et_pb_row column_structure=&#8221;2_5,3_5&#8243; _builder_version=&#8221;4.24.2&#8243; _module_preset=&#8221;default&#8221; width=&#8221;90%&#8221; global_colors_info=&#8221;{}&#8221;][et_pb_column type=&#8221;2_5&#8243; _builder_version=&#8221;4.24.2&#8243; _module_preset=&#8221;default&#8221; global_colors_info=&#8221;{}&#8221;][et_pb_text _builder_version=&#8221;4.24.2&#8243; _module_preset=&#8221;default&#8221; background_image=&#8221;https:\/\/physis-menorca.com\/wp-content\/uploads\/2024\/05\/image00014.jpg&#8221; width=&#8221;250px&#8221; module_alignment=&#8221;center&#8221; height=&#8221;225px&#8221; border_radii=&#8221;on|20px|20px|20px|20px&#8221; box_shadow_style=&#8221;preset6&#8243; box_shadow_vertical=&#8221;5px&#8221; box_shadow_blur=&#8221;3px&#8221; locked=&#8221;off&#8221; global_colors_info=&#8221;{}&#8221;][\/et_pb_text][\/et_pb_column][et_pb_column type=&#8221;3_5&#8243; _builder_version=&#8221;4.24.2&#8243; _module_preset=&#8221;default&#8221; global_colors_info=&#8221;{}&#8221;][et_pb_heading title=&#8221;Marc Parpal&#8221; _builder_version=&#8221;4.27.4&#8243; _module_preset=&#8221;default&#8221; title_font=&#8221;Atkinson Hyperlegible|700|||||||&#8221; title_text_align=&#8221;left&#8221; custom_margin=&#8221;||7px|-100px|false|false&#8221; custom_margin_tablet=&#8221;||0px|0px|false|false&#8221; custom_margin_phone=&#8221;||0px|0px|false|false&#8221; custom_margin_last_edited=&#8221;on|desktop&#8221; custom_padding=&#8221;50px||||false|false&#8221; custom_padding_tablet=&#8221;0px||||false|false&#8221; custom_padding_phone=&#8221;0px||||false|false&#8221; custom_padding_last_edited=&#8221;on|tablet&#8221; title_text_align_tablet=&#8221;center&#8221; title_text_align_phone=&#8221;center&#8221; title_text_align_last_edited=&#8221;on|phone&#8221; global_colors_info=&#8221;{}&#8221;][\/et_pb_heading][et_pb_toggle title=&#8221;Specialist in Invasive Physiotherapy and Therapeutic Exercise&#8221; icon_color=&#8221;rgba(0,0,0,0.13)&#8221; use_icon_font_size=&#8221;on&#8221; icon_font_size=&#8221;28px&#8221; open_icon_color=&#8221;rgba(0,0,0,0.13)&#8221; open_use_icon_font_size=&#8221;on&#8221; open_icon_font_size=&#8221;28px&#8221; _builder_version=&#8221;4.27.4&#8243; _module_preset=&#8221;default&#8221; background_color=&#8221;rgba(255,255,255,0.25)&#8221; custom_margin=&#8221;|||-100px|false|false&#8221; custom_margin_tablet=&#8221;|||0px|false|false&#8221; custom_margin_phone=&#8221;|||0px|false|false&#8221; custom_margin_last_edited=&#8221;on|desktop&#8221; border_radii=&#8221;on|20px|20px|20px|20px&#8221; border_width_all=&#8221;0px&#8221; global_colors_info=&#8221;{}&#8221;]<\/p>\n<p>&#8211; Graduate in Physiotherapy UIB (2019-2023)<br \/> &#8211; TAAFE (2017-2019)<br \/> &#8211; Postgraduate in Advanced Invasive Physiotherapy (2024)<br \/> &#8211; Dry needling and electropuncture course (2024)<\/p>\n<p>&#8211; Physiotherapist CCE Sant Llu\u00eds (2022-&#8230;)<br \/> &#8211; Physiotherapist Ballers United (20<\/p>\n<p>[\/et_pb_toggle][\/et_pb_column][\/et_pb_row][\/et_pb_section]<\/p>\n","protected":false},"excerpt":{"rendered":"<p>&#8211; Diploma in Physiotherapy UVic (2008\/2011) &#8211; TAAFE (2006\/2008) &#8211; Postgraduate in Advanced Invasive Physiotherapy (2023) &#8211; Myofascial Release Course with Hooks (2012) &#8211; Master in Equine Physiotherapy (2013\/2014) &#8211; Postgraduate in Equine and Canine Osteopathy (2014\/2015) &#8211; Manipulative techniques course (2020) &#8211; Electroneuroacupuncture Course (ENA) (2023) &#8211; Percutaneous Neuromodulation Courses (nmp and nfd) (2021-2022) [&hellip;]<\/p>\n","protected":false},"author":2,"featured_media":0,"parent":0,"menu_order":0,"comment_status":"closed","ping_status":"closed","template":"","meta":{"_et_pb_use_builder":"on","_et_pb_old_content":"","_et_gb_content_width":"","footnotes":""},"class_list":["post-1102","page","type-page","status-publish","hentry"],"yoast_head":"<!-- This site is optimized with the Yoast SEO plugin v26.8 - https:\/\/yoast.com\/product\/yoast-seo-wordpress\/ -->\n<title>Team - Physis Menorca<\/title>\n<meta name=\"robots\" content=\"index, follow, max-snippet:-1, max-image-preview:large, max-video-preview:-1\" \/>\n<link rel=\"canonical\" href=\"https:\/\/physis-menorca.com\/en\/team\/\" \/>\n<meta property=\"og:locale\" content=\"en_US\" \/>\n<meta property=\"og:type\" content=\"article\" \/>\n<meta property=\"og:title\" content=\"Team - Physis Menorca\" \/>\n<meta property=\"og:description\" content=\"- Diploma in Physiotherapy UVic (2008\/2011) - TAAFE (2006\/2008) - Postgraduate in Advanced Invasive Physiotherapy (2023) - Myofascial Release Course with Hooks (2012) - Master in Equine Physiotherapy (2013\/2014) - Postgraduate in Equine and Canine Osteopathy (2014\/2015) - Manipulative techniques course (2020) - Electroneuroacupuncture Course (ENA) (2023) - Percutaneous Neuromodulation Courses (nmp and nfd) (2021-2022) [&hellip;]\" \/>\n<meta property=\"og:url\" content=\"https:\/\/physis-menorca.com\/en\/team\/\" \/>\n<meta property=\"og:site_name\" content=\"Physis Menorca\" \/>\n<meta property=\"article:modified_time\" content=\"2025-02-06T11:08:29+00:00\" \/>\n<meta name=\"twitter:card\" content=\"summary_large_image\" \/>\n<meta name=\"twitter:label1\" content=\"Est. reading time\" \/>\n\t<meta name=\"twitter:data1\" content=\"6 minutes\" \/>\n<script type=\"application\/ld+json\" class=\"yoast-schema-graph\">{\"@context\":\"https:\/\/schema.org\",\"@graph\":[{\"@type\":\"WebPage\",\"@id\":\"https:\/\/physis-menorca.com\/en\/team\/\",\"url\":\"https:\/\/physis-menorca.com\/en\/team\/\",\"name\":\"Team - Physis Menorca\",\"isPartOf\":{\"@id\":\"https:\/\/physis-menorca.com\/#website\"},\"datePublished\":\"2024-05-08T18:27:10+00:00\",\"dateModified\":\"2025-02-06T11:08:29+00:00\",\"breadcrumb\":{\"@id\":\"https:\/\/physis-menorca.com\/en\/team\/#breadcrumb\"},\"inLanguage\":\"en-US\",\"potentialAction\":[{\"@type\":\"ReadAction\",\"target\":[\"https:\/\/physis-menorca.com\/en\/team\/\"]}]},{\"@type\":\"BreadcrumbList\",\"@id\":\"https:\/\/physis-menorca.com\/en\/team\/#breadcrumb\",\"itemListElement\":[{\"@type\":\"ListItem\",\"position\":1,\"name\":\"Inici\",\"item\":\"https:\/\/physis-menorca.com\/en\/main\/\"},{\"@type\":\"ListItem\",\"position\":2,\"name\":\"Team\"}]},{\"@type\":\"WebSite\",\"@id\":\"https:\/\/physis-menorca.com\/#website\",\"url\":\"https:\/\/physis-menorca.com\/\",\"name\":\"Physis Menorca\",\"description\":\"Physis se un centro de fisioterapia avanzada donde apostamos por el uso combinado de la terapia manual y de las t\u00e9cnicas m\u00e1s avances y por una formaci\u00f3n continuada y actualizada de nuestros profesionales para poder ofrecer el mejor servicio a nuestros pacientes.\",\"publisher\":{\"@id\":\"https:\/\/physis-menorca.com\/#organization\"},\"potentialAction\":[{\"@type\":\"SearchAction\",\"target\":{\"@type\":\"EntryPoint\",\"urlTemplate\":\"https:\/\/physis-menorca.com\/?s={search_term_string}\"},\"query-input\":{\"@type\":\"PropertyValueSpecification\",\"valueRequired\":true,\"valueName\":\"search_term_string\"}}],\"inLanguage\":\"en-US\"},{\"@type\":\"Organization\",\"@id\":\"https:\/\/physis-menorca.com\/#organization\",\"name\":\"Physis Menorca\",\"url\":\"https:\/\/physis-menorca.com\/\",\"logo\":{\"@type\":\"ImageObject\",\"inLanguage\":\"en-US\",\"@id\":\"https:\/\/physis-menorca.com\/#\/schema\/logo\/image\/\",\"url\":\"https:\/\/physis-menorca.com\/wp-content\/uploads\/2024\/05\/Group-1-1-1.png\",\"contentUrl\":\"https:\/\/physis-menorca.com\/wp-content\/uploads\/2024\/05\/Group-1-1-1.png\",\"width\":323,\"height\":119,\"caption\":\"Physis Menorca\"},\"image\":{\"@id\":\"https:\/\/physis-menorca.com\/#\/schema\/logo\/image\/\"},\"sameAs\":[\"https:\/\/www.instagram.com\/physis_menorca\"]}]}<\/script>\n<!-- \/ Yoast SEO plugin. -->","yoast_head_json":{"title":"Team - Physis Menorca","robots":{"index":"index","follow":"follow","max-snippet":"max-snippet:-1","max-image-preview":"max-image-preview:large","max-video-preview":"max-video-preview:-1"},"canonical":"https:\/\/physis-menorca.com\/en\/team\/","og_locale":"en_US","og_type":"article","og_title":"Team - Physis Menorca","og_description":"- Diploma in Physiotherapy UVic (2008\/2011) - TAAFE (2006\/2008) - Postgraduate in Advanced Invasive Physiotherapy (2023) - Myofascial Release Course with Hooks (2012) - Master in Equine Physiotherapy (2013\/2014) - Postgraduate in Equine and Canine Osteopathy (2014\/2015) - Manipulative techniques course (2020) - Electroneuroacupuncture Course (ENA) (2023) - Percutaneous Neuromodulation Courses (nmp and nfd) (2021-2022) [&hellip;]","og_url":"https:\/\/physis-menorca.com\/en\/team\/","og_site_name":"Physis Menorca","article_modified_time":"2025-02-06T11:08:29+00:00","twitter_card":"summary_large_image","twitter_misc":{"Est. reading time":"6 minutes"},"schema":{"@context":"https:\/\/schema.org","@graph":[{"@type":"WebPage","@id":"https:\/\/physis-menorca.com\/en\/team\/","url":"https:\/\/physis-menorca.com\/en\/team\/","name":"Team - Physis Menorca","isPartOf":{"@id":"https:\/\/physis-menorca.com\/#website"},"datePublished":"2024-05-08T18:27:10+00:00","dateModified":"2025-02-06T11:08:29+00:00","breadcrumb":{"@id":"https:\/\/physis-menorca.com\/en\/team\/#breadcrumb"},"inLanguage":"en-US","potentialAction":[{"@type":"ReadAction","target":["https:\/\/physis-menorca.com\/en\/team\/"]}]},{"@type":"BreadcrumbList","@id":"https:\/\/physis-menorca.com\/en\/team\/#breadcrumb","itemListElement":[{"@type":"ListItem","position":1,"name":"Inici","item":"https:\/\/physis-menorca.com\/en\/main\/"},{"@type":"ListItem","position":2,"name":"Team"}]},{"@type":"WebSite","@id":"https:\/\/physis-menorca.com\/#website","url":"https:\/\/physis-menorca.com\/","name":"Physis Menorca","description":"Physis se un centro de fisioterapia avanzada donde apostamos por el uso combinado de la terapia manual y de las t\u00e9cnicas m\u00e1s avances y por una formaci\u00f3n continuada y actualizada de nuestros profesionales para poder ofrecer el mejor servicio a nuestros pacientes.","publisher":{"@id":"https:\/\/physis-menorca.com\/#organization"},"potentialAction":[{"@type":"SearchAction","target":{"@type":"EntryPoint","urlTemplate":"https:\/\/physis-menorca.com\/?s={search_term_string}"},"query-input":{"@type":"PropertyValueSpecification","valueRequired":true,"valueName":"search_term_string"}}],"inLanguage":"en-US"},{"@type":"Organization","@id":"https:\/\/physis-menorca.com\/#organization","name":"Physis Menorca","url":"https:\/\/physis-menorca.com\/","logo":{"@type":"ImageObject","inLanguage":"en-US","@id":"https:\/\/physis-menorca.com\/#\/schema\/logo\/image\/","url":"https:\/\/physis-menorca.com\/wp-content\/uploads\/2024\/05\/Group-1-1-1.png","contentUrl":"https:\/\/physis-menorca.com\/wp-content\/uploads\/2024\/05\/Group-1-1-1.png","width":323,"height":119,"caption":"Physis Menorca"},"image":{"@id":"https:\/\/physis-menorca.com\/#\/schema\/logo\/image\/"},"sameAs":["https:\/\/www.instagram.com\/physis_menorca"]}]}},"_links":{"self":[{"href":"https:\/\/physis-menorca.com\/en\/wp-json\/wp\/v2\/pages\/1102","targetHints":{"allow":["GET"]}}],"collection":[{"href":"https:\/\/physis-menorca.com\/en\/wp-json\/wp\/v2\/pages"}],"about":[{"href":"https:\/\/physis-menorca.com\/en\/wp-json\/wp\/v2\/types\/page"}],"author":[{"embeddable":true,"href":"https:\/\/physis-menorca.com\/en\/wp-json\/wp\/v2\/users\/2"}],"replies":[{"embeddable":true,"href":"https:\/\/physis-menorca.com\/en\/wp-json\/wp\/v2\/comments?post=1102"}],"version-history":[{"count":5,"href":"https:\/\/physis-menorca.com\/en\/wp-json\/wp\/v2\/pages\/1102\/revisions"}],"predecessor-version":[{"id":1292,"href":"https:\/\/physis-menorca.com\/en\/wp-json\/wp\/v2\/pages\/1102\/revisions\/1292"}],"wp:attachment":[{"href":"https:\/\/physis-menorca.com\/en\/wp-json\/wp\/v2\/media?parent=1102"}],"curies":[{"name":"wp","href":"https:\/\/api.w.org\/{rel}","templated":true}]}}