{"id":1103,"date":"2024-05-08T18:52:55","date_gmt":"2024-05-08T18:52:55","guid":{"rendered":"https:\/\/physis-menorca.com\/contact"},"modified":"2025-02-06T08:59:57","modified_gmt":"2025-02-06T08:59:57","slug":"contact","status":"publish","type":"page","link":"https:\/\/physis-menorca.com\/en\/contact\/","title":{"rendered":"Contact"},"content":{"rendered":"<p>[et_pb_section fb_built=&#8221;1&#8243; _builder_version=&#8221;4.27.2&#8243; _module_preset=&#8221;default&#8221; background_color=&#8221;#ddcdae&#8221; min_height=&#8221;625px&#8221; custom_margin=&#8221;||||false|false&#8221; custom_padding=&#8221;40px||||false|false&#8221; global_colors_info=&#8221;{}&#8221;][et_pb_row _builder_version=&#8221;4.24.2&#8243; _module_preset=&#8221;default&#8221; width=&#8221;90%&#8221; width_tablet=&#8221;90%&#8221; width_phone=&#8221;90%&#8221; width_last_edited=&#8221;on|phone&#8221; custom_padding=&#8221;2px|||||&#8221; global_colors_info=&#8221;{}&#8221;][et_pb_column type=&#8221;4_4&#8243; _builder_version=&#8221;4.24.2&#8243; _module_preset=&#8221;default&#8221; global_colors_info=&#8221;{}&#8221;][et_pb_text _builder_version=&#8221;4.24.2&#8243; _module_preset=&#8221;default&#8221; text_font=&#8221;Atkinson Hyperlegible||||||||&#8221; text_text_color=&#8221;#000000&#8243; text_font_size=&#8221;18px&#8221; text_font_size_tablet=&#8221;18px&#8221; text_font_size_phone=&#8221;20px&#8221; text_font_size_last_edited=&#8221;on|phone&#8221; global_colors_info=&#8221;{}&#8221;]<\/p>\n<p style=\"text-align: center;\">Av. Vives Llull, 111 B &#8211; Mahon<br \/> 676 62 37 72 <\/p>\n<p>[\/et_pb_text][et_pb_button button_url=&#8221;https:\/\/physis-menorca.com\/cita&#8221; button_text=&#8221;SCHEDULE AN APPOINTMENT&#8221; button_alignment=&#8221;center&#8221; _builder_version=&#8221;4.24.2&#8243; _module_preset=&#8221;default&#8221; custom_button=&#8221;on&#8221; button_text_color=&#8221;#ddcdae&#8221; button_bg_color=&#8221;#000000&#8243; button_border_color=&#8221;RGBA(255,255,255,0)&#8221; button_border_radius=&#8221;10px&#8221; button_font=&#8221;Atkinson Hyperlegible||||||||&#8221; global_colors_info=&#8221;{}&#8221;][\/et_pb_button][et_pb_code _builder_version=&#8221;4.27.4&#8243; _module_preset=&#8221;default&#8221; min_height=&#8221;505px&#8221; height=&#8221;200px&#8221; max_height=&#8221;200px&#8221; max_height_tablet=&#8221;200px&#8221; max_height_phone=&#8221;200px&#8221; max_height_last_edited=&#8221;on|phone&#8221; custom_padding=&#8221;||0px|||&#8221; hover_enabled=&#8221;0&#8243; border_radii=&#8221;on|10px|10px|10px|10px&#8221; box_shadow_style=&#8221;preset6&#8243; global_colors_info=&#8221;{}&#8221; sticky_enabled=&#8221;0&#8243;]<iframe src=\"https:\/\/www.google.com\/maps\/embed?pb=!1m18!1m12!1m3!1d3061.2968650101798!2d4.2511498759850115!3d39.889985271529135!2m3!1f0!2f0!3f0!3m2!1i1024!2i768!4f13.1!3m3!1m2!1s0x1295871dbf9ebd89%3A0x7697295a5116bd36!2sPhysis%20Menorca!5e0!3m2!1ses!2ses!4v1716452226146!5m2!1ses!2ses\" width=\"200%\" height=\"500\" style=\"border:0;\" allowfullscreen=\"\" loading=\"lazy\" referrerpolicy=\"no-referrer-when-downgrade\"><\/iframe>[\/et_pb_code][\/et_pb_column][\/et_pb_row][\/et_pb_section]<\/p>\n","protected":false},"excerpt":{"rendered":"<p>Av. Vives Llull, 111 B &#8211; Mahon 676 62 37 72<\/p>\n","protected":false},"author":2,"featured_media":0,"parent":0,"menu_order":0,"comment_status":"closed","ping_status":"closed","template":"","meta":{"_et_pb_use_builder":"on","_et_pb_old_content":"","_et_gb_content_width":"","footnotes":""},"class_list":["post-1103","page","type-page","status-publish","hentry"],"yoast_head":"<!-- This site is optimized with the Yoast SEO plugin v26.8 - https:\/\/yoast.com\/product\/yoast-seo-wordpress\/ -->\n<title>Contact - Physis Menorca<\/title>\n<meta name=\"robots\" content=\"index, follow, max-snippet:-1, max-image-preview:large, max-video-preview:-1\" \/>\n<link rel=\"canonical\" href=\"https:\/\/physis-menorca.com\/en\/contact\/\" \/>\n<meta property=\"og:locale\" content=\"en_US\" \/>\n<meta property=\"og:type\" content=\"article\" \/>\n<meta property=\"og:title\" content=\"Contact - Physis Menorca\" \/>\n<meta property=\"og:description\" content=\"Av. Vives Llull, 111 B - Mahon 676 62 37 72\" \/>\n<meta property=\"og:url\" content=\"https:\/\/physis-menorca.com\/en\/contact\/\" \/>\n<meta property=\"og:site_name\" content=\"Physis Menorca\" \/>\n<meta property=\"article:modified_time\" content=\"2025-02-06T08:59:57+00:00\" \/>\n<meta name=\"twitter:card\" content=\"summary_large_image\" \/>\n<meta name=\"twitter:label1\" content=\"Est. reading time\" \/>\n\t<meta name=\"twitter:data1\" content=\"1 minute\" \/>\n<script type=\"application\/ld+json\" class=\"yoast-schema-graph\">{\"@context\":\"https:\/\/schema.org\",\"@graph\":[{\"@type\":\"WebPage\",\"@id\":\"https:\/\/physis-menorca.com\/en\/contact\/\",\"url\":\"https:\/\/physis-menorca.com\/en\/contact\/\",\"name\":\"Contact - Physis Menorca\",\"isPartOf\":{\"@id\":\"https:\/\/physis-menorca.com\/#website\"},\"datePublished\":\"2024-05-08T18:52:55+00:00\",\"dateModified\":\"2025-02-06T08:59:57+00:00\",\"breadcrumb\":{\"@id\":\"https:\/\/physis-menorca.com\/en\/contact\/#breadcrumb\"},\"inLanguage\":\"en-US\",\"potentialAction\":[{\"@type\":\"ReadAction\",\"target\":[\"https:\/\/physis-menorca.com\/en\/contact\/\"]}]},{\"@type\":\"BreadcrumbList\",\"@id\":\"https:\/\/physis-menorca.com\/en\/contact\/#breadcrumb\",\"itemListElement\":[{\"@type\":\"ListItem\",\"position\":1,\"name\":\"Inici\",\"item\":\"https:\/\/physis-menorca.com\/en\/main\/\"},{\"@type\":\"ListItem\",\"position\":2,\"name\":\"Contact\"}]},{\"@type\":\"WebSite\",\"@id\":\"https:\/\/physis-menorca.com\/#website\",\"url\":\"https:\/\/physis-menorca.com\/\",\"name\":\"Physis Menorca\",\"description\":\"Physis se un centro de fisioterapia avanzada donde apostamos por el uso combinado de la terapia manual y de las t\u00e9cnicas m\u00e1s avances y por una formaci\u00f3n continuada y actualizada de nuestros profesionales para poder ofrecer el mejor servicio a nuestros pacientes.\",\"publisher\":{\"@id\":\"https:\/\/physis-menorca.com\/#organization\"},\"potentialAction\":[{\"@type\":\"SearchAction\",\"target\":{\"@type\":\"EntryPoint\",\"urlTemplate\":\"https:\/\/physis-menorca.com\/?s={search_term_string}\"},\"query-input\":{\"@type\":\"PropertyValueSpecification\",\"valueRequired\":true,\"valueName\":\"search_term_string\"}}],\"inLanguage\":\"en-US\"},{\"@type\":\"Organization\",\"@id\":\"https:\/\/physis-menorca.com\/#organization\",\"name\":\"Physis Menorca\",\"url\":\"https:\/\/physis-menorca.com\/\",\"logo\":{\"@type\":\"ImageObject\",\"inLanguage\":\"en-US\",\"@id\":\"https:\/\/physis-menorca.com\/#\/schema\/logo\/image\/\",\"url\":\"https:\/\/physis-menorca.com\/wp-content\/uploads\/2024\/05\/Group-1-1-1.png\",\"contentUrl\":\"https:\/\/physis-menorca.com\/wp-content\/uploads\/2024\/05\/Group-1-1-1.png\",\"width\":323,\"height\":119,\"caption\":\"Physis Menorca\"},\"image\":{\"@id\":\"https:\/\/physis-menorca.com\/#\/schema\/logo\/image\/\"},\"sameAs\":[\"https:\/\/www.instagram.com\/physis_menorca\"]}]}<\/script>\n<!-- \/ Yoast SEO plugin. -->","yoast_head_json":{"title":"Contact - Physis Menorca","robots":{"index":"index","follow":"follow","max-snippet":"max-snippet:-1","max-image-preview":"max-image-preview:large","max-video-preview":"max-video-preview:-1"},"canonical":"https:\/\/physis-menorca.com\/en\/contact\/","og_locale":"en_US","og_type":"article","og_title":"Contact - Physis Menorca","og_description":"Av. Vives Llull, 111 B - Mahon 676 62 37 72","og_url":"https:\/\/physis-menorca.com\/en\/contact\/","og_site_name":"Physis Menorca","article_modified_time":"2025-02-06T08:59:57+00:00","twitter_card":"summary_large_image","twitter_misc":{"Est. reading time":"1 minute"},"schema":{"@context":"https:\/\/schema.org","@graph":[{"@type":"WebPage","@id":"https:\/\/physis-menorca.com\/en\/contact\/","url":"https:\/\/physis-menorca.com\/en\/contact\/","name":"Contact - Physis Menorca","isPartOf":{"@id":"https:\/\/physis-menorca.com\/#website"},"datePublished":"2024-05-08T18:52:55+00:00","dateModified":"2025-02-06T08:59:57+00:00","breadcrumb":{"@id":"https:\/\/physis-menorca.com\/en\/contact\/#breadcrumb"},"inLanguage":"en-US","potentialAction":[{"@type":"ReadAction","target":["https:\/\/physis-menorca.com\/en\/contact\/"]}]},{"@type":"BreadcrumbList","@id":"https:\/\/physis-menorca.com\/en\/contact\/#breadcrumb","itemListElement":[{"@type":"ListItem","position":1,"name":"Inici","item":"https:\/\/physis-menorca.com\/en\/main\/"},{"@type":"ListItem","position":2,"name":"Contact"}]},{"@type":"WebSite","@id":"https:\/\/physis-menorca.com\/#website","url":"https:\/\/physis-menorca.com\/","name":"Physis Menorca","description":"Physis se un centro de fisioterapia avanzada donde apostamos por el uso combinado de la terapia manual y de las t\u00e9cnicas m\u00e1s avances y por una formaci\u00f3n continuada y actualizada de nuestros profesionales para poder ofrecer el mejor servicio a nuestros pacientes.","publisher":{"@id":"https:\/\/physis-menorca.com\/#organization"},"potentialAction":[{"@type":"SearchAction","target":{"@type":"EntryPoint","urlTemplate":"https:\/\/physis-menorca.com\/?s={search_term_string}"},"query-input":{"@type":"PropertyValueSpecification","valueRequired":true,"valueName":"search_term_string"}}],"inLanguage":"en-US"},{"@type":"Organization","@id":"https:\/\/physis-menorca.com\/#organization","name":"Physis Menorca","url":"https:\/\/physis-menorca.com\/","logo":{"@type":"ImageObject","inLanguage":"en-US","@id":"https:\/\/physis-menorca.com\/#\/schema\/logo\/image\/","url":"https:\/\/physis-menorca.com\/wp-content\/uploads\/2024\/05\/Group-1-1-1.png","contentUrl":"https:\/\/physis-menorca.com\/wp-content\/uploads\/2024\/05\/Group-1-1-1.png","width":323,"height":119,"caption":"Physis Menorca"},"image":{"@id":"https:\/\/physis-menorca.com\/#\/schema\/logo\/image\/"},"sameAs":["https:\/\/www.instagram.com\/physis_menorca"]}]}},"_links":{"self":[{"href":"https:\/\/physis-menorca.com\/en\/wp-json\/wp\/v2\/pages\/1103","targetHints":{"allow":["GET"]}}],"collection":[{"href":"https:\/\/physis-menorca.com\/en\/wp-json\/wp\/v2\/pages"}],"about":[{"href":"https:\/\/physis-menorca.com\/en\/wp-json\/wp\/v2\/types\/page"}],"author":[{"embeddable":true,"href":"https:\/\/physis-menorca.com\/en\/wp-json\/wp\/v2\/users\/2"}],"replies":[{"embeddable":true,"href":"https:\/\/physis-menorca.com\/en\/wp-json\/wp\/v2\/comments?post=1103"}],"version-history":[{"count":3,"href":"https:\/\/physis-menorca.com\/en\/wp-json\/wp\/v2\/pages\/1103\/revisions"}],"predecessor-version":[{"id":1107,"href":"https:\/\/physis-menorca.com\/en\/wp-json\/wp\/v2\/pages\/1103\/revisions\/1107"}],"wp:attachment":[{"href":"https:\/\/physis-menorca.com\/en\/wp-json\/wp\/v2\/media?parent=1103"}],"curies":[{"name":"wp","href":"https:\/\/api.w.org\/{rel}","templated":true}]}}