{"id":1110,"date":"2024-05-08T18:04:50","date_gmt":"2024-05-08T18:04:50","guid":{"rendered":"https:\/\/physis-menorca.com\/center"},"modified":"2025-02-06T08:59:58","modified_gmt":"2025-02-06T08:59:58","slug":"center","status":"publish","type":"page","link":"https:\/\/physis-menorca.com\/en\/center\/","title":{"rendered":"Center"},"content":{"rendered":"<p>[et_pb_section fb_built=&#8221;1&#8243; _builder_version=&#8221;4.24.2&#8243; _module_preset=&#8221;default&#8221; background_color=&#8221;#ddcdae&#8221; custom_margin=&#8221;||||false|false&#8221; custom_padding=&#8221;0px|||||&#8221; global_colors_info=&#8221;{}&#8221;][et_pb_row _builder_version=&#8221;4.24.2&#8243; _module_preset=&#8221;default&#8221; width=&#8221;100%&#8221; max_width=&#8221;100%&#8221; module_alignment=&#8221;center&#8221; custom_padding=&#8221;0px||||false|false&#8221; global_colors_info=&#8221;{}&#8221;][et_pb_column type=&#8221;4_4&#8243; _builder_version=&#8221;4.24.2&#8243; _module_preset=&#8221;default&#8221; global_colors_info=&#8221;{}&#8221;][et_pb_slider _builder_version=&#8221;4.27.2&#8243; _module_preset=&#8221;default&#8221; custom_button=&#8221;on&#8221; button_bg_enable_image=&#8221;off&#8221; button_icon=&#8221;&#x3c;||divi||400&#8243; min_height_tablet=&#8221;&#8221; min_height_phone=&#8221;180px&#8221; min_height_last_edited=&#8221;on|phone&#8221; hover_enabled=&#8221;0&#8243; box_shadow_style=&#8221;preset6&#8243; box_shadow_vertical=&#8221;4px&#8221; global_colors_info=&#8221;{}&#8221; sticky_enabled=&#8221;0&#8243;][et_pb_slide _builder_version=&#8221;4.27.2&#8243; _module_preset=&#8221;default&#8221; background_image=&#8221;https:\/\/physis-menorca.com\/wp-content\/uploads\/2024\/05\/image00018.jpg&#8221; background_enable_image=&#8221;on&#8221; hover_enabled=&#8221;0&#8243; global_colors_info=&#8221;{}&#8221; sticky_transition=&#8221;on&#8221; title_text=&#8221;image00018&#8243; sticky_enabled=&#8221;0&#8243;][\/et_pb_slide][\/et_pb_slider][\/et_pb_column][\/et_pb_row][et_pb_row _builder_version=&#8221;4.24.2&#8243; _module_preset=&#8221;default&#8221; width_tablet=&#8221;&#8221; width_phone=&#8221;90%&#8221; width_last_edited=&#8221;on|phone&#8221; max_width=&#8221;100%&#8221; global_colors_info=&#8221;{}&#8221;][et_pb_column type=&#8221;4_4&#8243; _builder_version=&#8221;4.24.2&#8243; _module_preset=&#8221;default&#8221; global_colors_info=&#8221;{}&#8221;][et_pb_text _builder_version=&#8221;4.24.2&#8243; _module_preset=&#8221;default&#8221; text_font=&#8221;Atkinson Hyperlegible||||||||&#8221; text_text_color=&#8221;#000000&#8243; text_font_size=&#8221;18px&#8221; text_font_size_tablet=&#8221;18px&#8221; text_font_size_phone=&#8221;20px&#8221; text_font_size_last_edited=&#8221;on|phone&#8221; locked=&#8221;off&#8221; global_colors_info=&#8221;{}&#8221;]<\/p>\n<p style=\"text-align: center;\"><span data-metadata=\"&lt;encoded_tag_open \/&gt;!--(figmeta)eyJmaWxlS2V5IjoiSWJXd05yVXJwZFVGQWlia2JMNGF1QiIsInBhc3RlSUQiOjU3NzY0NTkxMiwiZGF0YVR5cGUiOiJzY2VuZSJ9Cg==(\/figmeta)--&lt;encoded_tag_closed \/&gt;\"><\/span>Physis is an advanced physiotherapy center where we focus on the combined use of manual therapy and the most advanced techniques and on continuous and updated training for our professionals to be able to offer the best service to our patients.<\/p>\n<p>[\/et_pb_text][et_pb_gallery gallery_ids=&#8221;653,655,656,436,437,438,439,258&#8243; posts_number=&#8221;8&#8243; show_title_and_caption=&#8221;off&#8221; _builder_version=&#8221;4.27.2&#8243; _module_preset=&#8221;default&#8221; hover_enabled=&#8221;0&#8243; global_colors_info=&#8221;{}&#8221; sticky_enabled=&#8221;0&#8243;][\/et_pb_gallery][\/et_pb_column][\/et_pb_row][\/et_pb_section]<\/p>\n","protected":false},"excerpt":{"rendered":"<p>Physis is an advanced physiotherapy center where we focus on the combined use of manual therapy and the most advanced techniques and on continuous and updated training for our professionals to be able to offer the best service to our patients.<\/p>\n","protected":false},"author":2,"featured_media":0,"parent":0,"menu_order":0,"comment_status":"closed","ping_status":"closed","template":"","meta":{"_et_pb_use_builder":"on","_et_pb_old_content":"","_et_gb_content_width":"","footnotes":""},"class_list":["post-1110","page","type-page","status-publish","hentry"],"yoast_head":"<!-- This site is optimized with the Yoast SEO plugin v26.8 - https:\/\/yoast.com\/product\/yoast-seo-wordpress\/ -->\n<title>Center - Physis Menorca<\/title>\n<meta name=\"robots\" content=\"index, follow, max-snippet:-1, max-image-preview:large, max-video-preview:-1\" \/>\n<link rel=\"canonical\" href=\"https:\/\/physis-menorca.com\/en\/center\/\" \/>\n<meta property=\"og:locale\" content=\"en_US\" \/>\n<meta property=\"og:type\" content=\"article\" \/>\n<meta property=\"og:title\" content=\"Center - Physis Menorca\" \/>\n<meta property=\"og:description\" content=\"Physis is an advanced physiotherapy center where we focus on the combined use of manual therapy and the most advanced techniques and on continuous and updated training for our professionals to be able to offer the best service to our patients.\" \/>\n<meta property=\"og:url\" content=\"https:\/\/physis-menorca.com\/en\/center\/\" \/>\n<meta property=\"og:site_name\" content=\"Physis Menorca\" \/>\n<meta property=\"article:modified_time\" content=\"2025-02-06T08:59:58+00:00\" \/>\n<meta name=\"twitter:card\" content=\"summary_large_image\" \/>\n<meta name=\"twitter:label1\" content=\"Est. reading time\" \/>\n\t<meta name=\"twitter:data1\" content=\"2 minutes\" \/>\n<script type=\"application\/ld+json\" class=\"yoast-schema-graph\">{\"@context\":\"https:\/\/schema.org\",\"@graph\":[{\"@type\":\"WebPage\",\"@id\":\"https:\/\/physis-menorca.com\/en\/center\/\",\"url\":\"https:\/\/physis-menorca.com\/en\/center\/\",\"name\":\"Center - Physis Menorca\",\"isPartOf\":{\"@id\":\"https:\/\/physis-menorca.com\/#website\"},\"datePublished\":\"2024-05-08T18:04:50+00:00\",\"dateModified\":\"2025-02-06T08:59:58+00:00\",\"breadcrumb\":{\"@id\":\"https:\/\/physis-menorca.com\/en\/center\/#breadcrumb\"},\"inLanguage\":\"en-US\",\"potentialAction\":[{\"@type\":\"ReadAction\",\"target\":[\"https:\/\/physis-menorca.com\/en\/center\/\"]}]},{\"@type\":\"BreadcrumbList\",\"@id\":\"https:\/\/physis-menorca.com\/en\/center\/#breadcrumb\",\"itemListElement\":[{\"@type\":\"ListItem\",\"position\":1,\"name\":\"Inici\",\"item\":\"https:\/\/physis-menorca.com\/en\/main\/\"},{\"@type\":\"ListItem\",\"position\":2,\"name\":\"Center\"}]},{\"@type\":\"WebSite\",\"@id\":\"https:\/\/physis-menorca.com\/#website\",\"url\":\"https:\/\/physis-menorca.com\/\",\"name\":\"Physis Menorca\",\"description\":\"Physis se un centro de fisioterapia avanzada donde apostamos por el uso combinado de la terapia manual y de las t\u00e9cnicas m\u00e1s avances y por una formaci\u00f3n continuada y actualizada de nuestros profesionales para poder ofrecer el mejor servicio a nuestros pacientes.\",\"publisher\":{\"@id\":\"https:\/\/physis-menorca.com\/#organization\"},\"potentialAction\":[{\"@type\":\"SearchAction\",\"target\":{\"@type\":\"EntryPoint\",\"urlTemplate\":\"https:\/\/physis-menorca.com\/?s={search_term_string}\"},\"query-input\":{\"@type\":\"PropertyValueSpecification\",\"valueRequired\":true,\"valueName\":\"search_term_string\"}}],\"inLanguage\":\"en-US\"},{\"@type\":\"Organization\",\"@id\":\"https:\/\/physis-menorca.com\/#organization\",\"name\":\"Physis Menorca\",\"url\":\"https:\/\/physis-menorca.com\/\",\"logo\":{\"@type\":\"ImageObject\",\"inLanguage\":\"en-US\",\"@id\":\"https:\/\/physis-menorca.com\/#\/schema\/logo\/image\/\",\"url\":\"https:\/\/physis-menorca.com\/wp-content\/uploads\/2024\/05\/Group-1-1-1.png\",\"contentUrl\":\"https:\/\/physis-menorca.com\/wp-content\/uploads\/2024\/05\/Group-1-1-1.png\",\"width\":323,\"height\":119,\"caption\":\"Physis Menorca\"},\"image\":{\"@id\":\"https:\/\/physis-menorca.com\/#\/schema\/logo\/image\/\"},\"sameAs\":[\"https:\/\/www.instagram.com\/physis_menorca\"]}]}<\/script>\n<!-- \/ Yoast SEO plugin. -->","yoast_head_json":{"title":"Center - Physis Menorca","robots":{"index":"index","follow":"follow","max-snippet":"max-snippet:-1","max-image-preview":"max-image-preview:large","max-video-preview":"max-video-preview:-1"},"canonical":"https:\/\/physis-menorca.com\/en\/center\/","og_locale":"en_US","og_type":"article","og_title":"Center - Physis Menorca","og_description":"Physis is an advanced physiotherapy center where we focus on the combined use of manual therapy and the most advanced techniques and on continuous and updated training for our professionals to be able to offer the best service to our patients.","og_url":"https:\/\/physis-menorca.com\/en\/center\/","og_site_name":"Physis Menorca","article_modified_time":"2025-02-06T08:59:58+00:00","twitter_card":"summary_large_image","twitter_misc":{"Est. reading time":"2 minutes"},"schema":{"@context":"https:\/\/schema.org","@graph":[{"@type":"WebPage","@id":"https:\/\/physis-menorca.com\/en\/center\/","url":"https:\/\/physis-menorca.com\/en\/center\/","name":"Center - Physis Menorca","isPartOf":{"@id":"https:\/\/physis-menorca.com\/#website"},"datePublished":"2024-05-08T18:04:50+00:00","dateModified":"2025-02-06T08:59:58+00:00","breadcrumb":{"@id":"https:\/\/physis-menorca.com\/en\/center\/#breadcrumb"},"inLanguage":"en-US","potentialAction":[{"@type":"ReadAction","target":["https:\/\/physis-menorca.com\/en\/center\/"]}]},{"@type":"BreadcrumbList","@id":"https:\/\/physis-menorca.com\/en\/center\/#breadcrumb","itemListElement":[{"@type":"ListItem","position":1,"name":"Inici","item":"https:\/\/physis-menorca.com\/en\/main\/"},{"@type":"ListItem","position":2,"name":"Center"}]},{"@type":"WebSite","@id":"https:\/\/physis-menorca.com\/#website","url":"https:\/\/physis-menorca.com\/","name":"Physis Menorca","description":"Physis se un centro de fisioterapia avanzada donde apostamos por el uso combinado de la terapia manual y de las t\u00e9cnicas m\u00e1s avances y por una formaci\u00f3n continuada y actualizada de nuestros profesionales para poder ofrecer el mejor servicio a nuestros pacientes.","publisher":{"@id":"https:\/\/physis-menorca.com\/#organization"},"potentialAction":[{"@type":"SearchAction","target":{"@type":"EntryPoint","urlTemplate":"https:\/\/physis-menorca.com\/?s={search_term_string}"},"query-input":{"@type":"PropertyValueSpecification","valueRequired":true,"valueName":"search_term_string"}}],"inLanguage":"en-US"},{"@type":"Organization","@id":"https:\/\/physis-menorca.com\/#organization","name":"Physis Menorca","url":"https:\/\/physis-menorca.com\/","logo":{"@type":"ImageObject","inLanguage":"en-US","@id":"https:\/\/physis-menorca.com\/#\/schema\/logo\/image\/","url":"https:\/\/physis-menorca.com\/wp-content\/uploads\/2024\/05\/Group-1-1-1.png","contentUrl":"https:\/\/physis-menorca.com\/wp-content\/uploads\/2024\/05\/Group-1-1-1.png","width":323,"height":119,"caption":"Physis Menorca"},"image":{"@id":"https:\/\/physis-menorca.com\/#\/schema\/logo\/image\/"},"sameAs":["https:\/\/www.instagram.com\/physis_menorca"]}]}},"_links":{"self":[{"href":"https:\/\/physis-menorca.com\/en\/wp-json\/wp\/v2\/pages\/1110","targetHints":{"allow":["GET"]}}],"collection":[{"href":"https:\/\/physis-menorca.com\/en\/wp-json\/wp\/v2\/pages"}],"about":[{"href":"https:\/\/physis-menorca.com\/en\/wp-json\/wp\/v2\/types\/page"}],"author":[{"embeddable":true,"href":"https:\/\/physis-menorca.com\/en\/wp-json\/wp\/v2\/users\/2"}],"replies":[{"embeddable":true,"href":"https:\/\/physis-menorca.com\/en\/wp-json\/wp\/v2\/comments?post=1110"}],"version-history":[{"count":3,"href":"https:\/\/physis-menorca.com\/en\/wp-json\/wp\/v2\/pages\/1110\/revisions"}],"predecessor-version":[{"id":1115,"href":"https:\/\/physis-menorca.com\/en\/wp-json\/wp\/v2\/pages\/1110\/revisions\/1115"}],"wp:attachment":[{"href":"https:\/\/physis-menorca.com\/en\/wp-json\/wp\/v2\/media?parent=1110"}],"curies":[{"name":"wp","href":"https:\/\/api.w.org\/{rel}","templated":true}]}}