{"id":1148,"date":"2024-07-11T09:33:12","date_gmt":"2024-07-11T09:33:12","guid":{"rendered":"https:\/\/physis-menorca.com\/magnetolite"},"modified":"2025-02-06T09:00:14","modified_gmt":"2025-02-06T09:00:14","slug":"magnetolite","status":"publish","type":"page","link":"https:\/\/physis-menorca.com\/en\/magnetolite\/","title":{"rendered":"Magnetolite"},"content":{"rendered":"<p>[et_pb_section fb_built=&#8221;1&#8243; _builder_version=&#8221;4.24.2&#8243; _module_preset=&#8221;default&#8221; background_color=&#8221;#ddcdae&#8221; custom_margin=&#8221;||||false|false&#8221; custom_padding=&#8221;0px|||||&#8221; global_colors_info=&#8221;{}&#8221;][et_pb_row _builder_version=&#8221;4.24.2&#8243; _module_preset=&#8221;default&#8221; width=&#8221;100%&#8221; max_width=&#8221;100%&#8221; module_alignment=&#8221;center&#8221; custom_padding=&#8221;0px||||false|false&#8221; hover_enabled=&#8221;0&#8243; global_colors_info=&#8221;{}&#8221; sticky_enabled=&#8221;0&#8243;][et_pb_column type=&#8221;4_4&#8243; _builder_version=&#8221;4.24.2&#8243; _module_preset=&#8221;default&#8221; global_colors_info=&#8221;{}&#8221;][et_pb_slider _builder_version=&#8221;4.24.2&#8243; _module_preset=&#8221;default&#8221; custom_button=&#8221;on&#8221; button_bg_enable_image=&#8221;off&#8221; button_icon=&#8221;&#x3c;||divi||400&#8243; box_shadow_style=&#8221;preset6&#8243; box_shadow_vertical=&#8221;4px&#8221; global_colors_info=&#8221;{}&#8221; min_height_phone=&#8221;180px&#8221; min_height_last_edited=&#8221;on|phone&#8221;][et_pb_slide _builder_version=&#8221;4.24.2&#8243; _module_preset=&#8221;default&#8221; background_image=&#8221;https:\/\/physis-menorca.com\/wp-content\/uploads\/2024\/07\/Magnetolith.jpg&#8221; background_enable_image=&#8221;on&#8221; global_colors_info=&#8221;{}&#8221; sticky_transition=&#8221;on&#8221;][\/et_pb_slide][\/et_pb_slider][\/et_pb_column][\/et_pb_row][et_pb_row _builder_version=&#8221;4.24.2&#8243; _module_preset=&#8221;default&#8221; width=&#8221;50%&#8221; max_width=&#8221;100%&#8221; global_colors_info=&#8221;{}&#8221; width_tablet=&#8221;50%&#8221; width_phone=&#8221;90%&#8221; width_last_edited=&#8221;on|phone&#8221;][et_pb_column type=&#8221;4_4&#8243; _builder_version=&#8221;4.24.2&#8243; _module_preset=&#8221;default&#8221; global_colors_info=&#8221;{}&#8221;][et_pb_heading title=&#8221;MAGNETOLITH&#8221; _builder_version=&#8221;4.24.2&#8243; _module_preset=&#8221;default&#8221; title_font=&#8221;Atkinson Hyperlegible||||||||&#8221; title_text_color=&#8221;#afa38a&#8221; title_font_size=&#8221;42px&#8221; width=&#8221;100%&#8221; module_alignment=&#8221;center&#8221; custom_margin=&#8221;||-1px|||&#8221; custom_padding=&#8221;||13px|||&#8221; global_colors_info=&#8221;{}&#8221;][\/et_pb_heading][et_pb_text _builder_version=&#8221;4.24.2&#8243; _module_preset=&#8221;default&#8221; text_font=&#8221;Atkinson Hyperlegible||||||||&#8221; text_text_color=&#8221;#000000&#8243; text_font_size=&#8221;18px&#8221; width=&#8221;100%&#8221; module_alignment=&#8221;center&#8221; global_colors_info=&#8221;{}&#8221; text_font_size_tablet=&#8221;18px&#8221; text_font_size_phone=&#8221;20px&#8221; text_font_size_last_edited=&#8221;on|phone&#8221; width_tablet=&#8221;100%&#8221; width_phone=&#8221;100%&#8221; width_last_edited=&#8221;on|phone&#8221;]<\/p>\n<p><span data-metadata=\"&lt;!--(figmeta)eyJmaWxlS2V5IjoiSWJXd05yVXJwZFVGQWlia2JMNGF1QiIsInBhc3RlSUQiOjExNzMyNjc3OTQsImRhdGFUeXBlIjoic2NlbmUifQo=(\/figmeta)--&gt;\"><\/span><span>La ter\u00e0pia de\u00a0<\/span><span>magnetotransducci\u00f3<\/span><span>\u00a0extracorp\u00f2ria (<\/span><span>EMTT)<\/span><span>\u00a0amb\u00a0<\/span><span>MAGNETOLITH\u00ae<\/span><span>\u00a0ofereix noves possibilitats de regeneraci\u00f3 i rehabilitaci\u00f3. Entre els seus camps d&#8217;aplicaci\u00f3 s&#8217;inclouen algunes malalties de l&#8217;aparell motor, com a dolors d&#8217;esquena o tendinopaties del maniguet rotador o del tend\u00f3 d&#8217;Aquil\u00b7les.<\/span><\/p>\n<p><span>La\u00a0<\/span><span>EMTT<\/span><span>\u00a0es diferencia d&#8217;altres formes generals de magnetoter\u00e0pia o\u00a0<\/span><span>PEMF<\/span><span>\u00a0per la seva elevada freq\u00fc\u00e8ncia d&#8217;oscil\u00b7laci\u00f3 de 100-300 kHz. Aquesta caracter\u00edstica permet una gran profunditat de penetraci\u00f3 (18 cm) i una extensa \u00e0rea d&#8217;indicaci\u00f3.<\/span><\/p>\n<p><span>En poques paraules<\/span><\/p>\n<ul>\n<li><span>Ter\u00e0pia no invasiva i ambulat\u00f2ria; sense tot just efectes secundaris<\/span><\/li>\n<li><span>Camp d&#8217;aplicaci\u00f3 terap\u00e8utica ampli<\/span><\/li>\n<li><span>Elevada freq\u00fc\u00e8ncia d&#8217;oscil\u00b7laci\u00f3 amb gran profunditat de penetraci\u00f3<\/span><\/li>\n<\/ul>\n<p>[\/et_pb_text][\/et_pb_column][\/et_pb_row][\/et_pb_section]<\/p>\n","protected":false},"excerpt":{"rendered":"<p>La ter\u00e0pia de\u00a0magnetotransducci\u00f3\u00a0extracorp\u00f2ria (EMTT)\u00a0amb\u00a0MAGNETOLITH\u00ae\u00a0ofereix noves possibilitats de regeneraci\u00f3 i rehabilitaci\u00f3. Entre els seus camps d&#8217;aplicaci\u00f3 s&#8217;inclouen algunes malalties de l&#8217;aparell motor, com a dolors d&#8217;esquena o tendinopaties del maniguet rotador o del tend\u00f3 d&#8217;Aquil\u00b7les. La\u00a0EMTT\u00a0es diferencia d&#8217;altres formes generals de magnetoter\u00e0pia o\u00a0PEMF\u00a0per la seva elevada freq\u00fc\u00e8ncia d&#8217;oscil\u00b7laci\u00f3 de 100-300 kHz. Aquesta caracter\u00edstica permet una gran [&hellip;]<\/p>\n","protected":false},"author":1,"featured_media":0,"parent":0,"menu_order":0,"comment_status":"closed","ping_status":"closed","template":"","meta":{"_et_pb_use_builder":"on","_et_pb_old_content":"","_et_gb_content_width":"","footnotes":""},"class_list":["post-1148","page","type-page","status-publish","hentry"],"yoast_head":"<!-- This site is optimized with the Yoast SEO plugin v26.8 - https:\/\/yoast.com\/product\/yoast-seo-wordpress\/ -->\n<title>Magnetolite - Physis Menorca<\/title>\n<meta name=\"robots\" content=\"index, follow, max-snippet:-1, max-image-preview:large, max-video-preview:-1\" \/>\n<link rel=\"canonical\" href=\"https:\/\/physis-menorca.com\/en\/magnetolite\/\" \/>\n<meta property=\"og:locale\" content=\"en_US\" \/>\n<meta property=\"og:type\" content=\"article\" \/>\n<meta property=\"og:title\" content=\"Magnetolite - Physis Menorca\" \/>\n<meta property=\"og:description\" content=\"La ter\u00e0pia de\u00a0magnetotransducci\u00f3\u00a0extracorp\u00f2ria (EMTT)\u00a0amb\u00a0MAGNETOLITH\u00ae\u00a0ofereix noves possibilitats de regeneraci\u00f3 i rehabilitaci\u00f3. Entre els seus camps d&#039;aplicaci\u00f3 s&#039;inclouen algunes malalties de l&#039;aparell motor, com a dolors d&#039;esquena o tendinopaties del maniguet rotador o del tend\u00f3 d&#039;Aquil\u00b7les. La\u00a0EMTT\u00a0es diferencia d&#039;altres formes generals de magnetoter\u00e0pia o\u00a0PEMF\u00a0per la seva elevada freq\u00fc\u00e8ncia d&#039;oscil\u00b7laci\u00f3 de 100-300 kHz. Aquesta caracter\u00edstica permet una gran [&hellip;]\" \/>\n<meta property=\"og:url\" content=\"https:\/\/physis-menorca.com\/en\/magnetolite\/\" \/>\n<meta property=\"og:site_name\" content=\"Physis Menorca\" \/>\n<meta property=\"article:modified_time\" content=\"2025-02-06T09:00:14+00:00\" \/>\n<meta name=\"twitter:card\" content=\"summary_large_image\" \/>\n<meta name=\"twitter:label1\" content=\"Est. reading time\" \/>\n\t<meta name=\"twitter:data1\" content=\"2 minutes\" \/>\n<script type=\"application\/ld+json\" class=\"yoast-schema-graph\">{\"@context\":\"https:\/\/schema.org\",\"@graph\":[{\"@type\":\"WebPage\",\"@id\":\"https:\/\/physis-menorca.com\/en\/magnetolite\/\",\"url\":\"https:\/\/physis-menorca.com\/en\/magnetolite\/\",\"name\":\"Magnetolite - Physis Menorca\",\"isPartOf\":{\"@id\":\"https:\/\/physis-menorca.com\/#website\"},\"datePublished\":\"2024-07-11T09:33:12+00:00\",\"dateModified\":\"2025-02-06T09:00:14+00:00\",\"breadcrumb\":{\"@id\":\"https:\/\/physis-menorca.com\/en\/magnetolite\/#breadcrumb\"},\"inLanguage\":\"en-US\",\"potentialAction\":[{\"@type\":\"ReadAction\",\"target\":[\"https:\/\/physis-menorca.com\/en\/magnetolite\/\"]}]},{\"@type\":\"BreadcrumbList\",\"@id\":\"https:\/\/physis-menorca.com\/en\/magnetolite\/#breadcrumb\",\"itemListElement\":[{\"@type\":\"ListItem\",\"position\":1,\"name\":\"Inici\",\"item\":\"https:\/\/physis-menorca.com\/en\/main\/\"},{\"@type\":\"ListItem\",\"position\":2,\"name\":\"Magnetolite\"}]},{\"@type\":\"WebSite\",\"@id\":\"https:\/\/physis-menorca.com\/#website\",\"url\":\"https:\/\/physis-menorca.com\/\",\"name\":\"Physis Menorca\",\"description\":\"Physis se un centro de fisioterapia avanzada donde apostamos por el uso combinado de la terapia manual y de las t\u00e9cnicas m\u00e1s avances y por una formaci\u00f3n continuada y actualizada de nuestros profesionales para poder ofrecer el mejor servicio a nuestros pacientes.\",\"publisher\":{\"@id\":\"https:\/\/physis-menorca.com\/#organization\"},\"potentialAction\":[{\"@type\":\"SearchAction\",\"target\":{\"@type\":\"EntryPoint\",\"urlTemplate\":\"https:\/\/physis-menorca.com\/?s={search_term_string}\"},\"query-input\":{\"@type\":\"PropertyValueSpecification\",\"valueRequired\":true,\"valueName\":\"search_term_string\"}}],\"inLanguage\":\"en-US\"},{\"@type\":\"Organization\",\"@id\":\"https:\/\/physis-menorca.com\/#organization\",\"name\":\"Physis Menorca\",\"url\":\"https:\/\/physis-menorca.com\/\",\"logo\":{\"@type\":\"ImageObject\",\"inLanguage\":\"en-US\",\"@id\":\"https:\/\/physis-menorca.com\/#\/schema\/logo\/image\/\",\"url\":\"https:\/\/physis-menorca.com\/wp-content\/uploads\/2024\/05\/Group-1-1-1.png\",\"contentUrl\":\"https:\/\/physis-menorca.com\/wp-content\/uploads\/2024\/05\/Group-1-1-1.png\",\"width\":323,\"height\":119,\"caption\":\"Physis Menorca\"},\"image\":{\"@id\":\"https:\/\/physis-menorca.com\/#\/schema\/logo\/image\/\"},\"sameAs\":[\"https:\/\/www.instagram.com\/physis_menorca\"]}]}<\/script>\n<!-- \/ Yoast SEO plugin. -->","yoast_head_json":{"title":"Magnetolite - Physis Menorca","robots":{"index":"index","follow":"follow","max-snippet":"max-snippet:-1","max-image-preview":"max-image-preview:large","max-video-preview":"max-video-preview:-1"},"canonical":"https:\/\/physis-menorca.com\/en\/magnetolite\/","og_locale":"en_US","og_type":"article","og_title":"Magnetolite - Physis Menorca","og_description":"La ter\u00e0pia de\u00a0magnetotransducci\u00f3\u00a0extracorp\u00f2ria (EMTT)\u00a0amb\u00a0MAGNETOLITH\u00ae\u00a0ofereix noves possibilitats de regeneraci\u00f3 i rehabilitaci\u00f3. Entre els seus camps d'aplicaci\u00f3 s'inclouen algunes malalties de l'aparell motor, com a dolors d'esquena o tendinopaties del maniguet rotador o del tend\u00f3 d'Aquil\u00b7les. La\u00a0EMTT\u00a0es diferencia d'altres formes generals de magnetoter\u00e0pia o\u00a0PEMF\u00a0per la seva elevada freq\u00fc\u00e8ncia d'oscil\u00b7laci\u00f3 de 100-300 kHz. Aquesta caracter\u00edstica permet una gran [&hellip;]","og_url":"https:\/\/physis-menorca.com\/en\/magnetolite\/","og_site_name":"Physis Menorca","article_modified_time":"2025-02-06T09:00:14+00:00","twitter_card":"summary_large_image","twitter_misc":{"Est. reading time":"2 minutes"},"schema":{"@context":"https:\/\/schema.org","@graph":[{"@type":"WebPage","@id":"https:\/\/physis-menorca.com\/en\/magnetolite\/","url":"https:\/\/physis-menorca.com\/en\/magnetolite\/","name":"Magnetolite - Physis Menorca","isPartOf":{"@id":"https:\/\/physis-menorca.com\/#website"},"datePublished":"2024-07-11T09:33:12+00:00","dateModified":"2025-02-06T09:00:14+00:00","breadcrumb":{"@id":"https:\/\/physis-menorca.com\/en\/magnetolite\/#breadcrumb"},"inLanguage":"en-US","potentialAction":[{"@type":"ReadAction","target":["https:\/\/physis-menorca.com\/en\/magnetolite\/"]}]},{"@type":"BreadcrumbList","@id":"https:\/\/physis-menorca.com\/en\/magnetolite\/#breadcrumb","itemListElement":[{"@type":"ListItem","position":1,"name":"Inici","item":"https:\/\/physis-menorca.com\/en\/main\/"},{"@type":"ListItem","position":2,"name":"Magnetolite"}]},{"@type":"WebSite","@id":"https:\/\/physis-menorca.com\/#website","url":"https:\/\/physis-menorca.com\/","name":"Physis Menorca","description":"Physis se un centro de fisioterapia avanzada donde apostamos por el uso combinado de la terapia manual y de las t\u00e9cnicas m\u00e1s avances y por una formaci\u00f3n continuada y actualizada de nuestros profesionales para poder ofrecer el mejor servicio a nuestros pacientes.","publisher":{"@id":"https:\/\/physis-menorca.com\/#organization"},"potentialAction":[{"@type":"SearchAction","target":{"@type":"EntryPoint","urlTemplate":"https:\/\/physis-menorca.com\/?s={search_term_string}"},"query-input":{"@type":"PropertyValueSpecification","valueRequired":true,"valueName":"search_term_string"}}],"inLanguage":"en-US"},{"@type":"Organization","@id":"https:\/\/physis-menorca.com\/#organization","name":"Physis Menorca","url":"https:\/\/physis-menorca.com\/","logo":{"@type":"ImageObject","inLanguage":"en-US","@id":"https:\/\/physis-menorca.com\/#\/schema\/logo\/image\/","url":"https:\/\/physis-menorca.com\/wp-content\/uploads\/2024\/05\/Group-1-1-1.png","contentUrl":"https:\/\/physis-menorca.com\/wp-content\/uploads\/2024\/05\/Group-1-1-1.png","width":323,"height":119,"caption":"Physis Menorca"},"image":{"@id":"https:\/\/physis-menorca.com\/#\/schema\/logo\/image\/"},"sameAs":["https:\/\/www.instagram.com\/physis_menorca"]}]}},"_links":{"self":[{"href":"https:\/\/physis-menorca.com\/en\/wp-json\/wp\/v2\/pages\/1148","targetHints":{"allow":["GET"]}}],"collection":[{"href":"https:\/\/physis-menorca.com\/en\/wp-json\/wp\/v2\/pages"}],"about":[{"href":"https:\/\/physis-menorca.com\/en\/wp-json\/wp\/v2\/types\/page"}],"author":[{"embeddable":true,"href":"https:\/\/physis-menorca.com\/en\/wp-json\/wp\/v2\/users\/1"}],"replies":[{"embeddable":true,"href":"https:\/\/physis-menorca.com\/en\/wp-json\/wp\/v2\/comments?post=1148"}],"version-history":[{"count":2,"href":"https:\/\/physis-menorca.com\/en\/wp-json\/wp\/v2\/pages\/1148\/revisions"}],"predecessor-version":[{"id":1151,"href":"https:\/\/physis-menorca.com\/en\/wp-json\/wp\/v2\/pages\/1148\/revisions\/1151"}],"wp:attachment":[{"href":"https:\/\/physis-menorca.com\/en\/wp-json\/wp\/v2\/media?parent=1148"}],"curies":[{"name":"wp","href":"https:\/\/api.w.org\/{rel}","templated":true}]}}