{"id":824,"date":"2024-05-08T18:52:55","date_gmt":"2024-05-08T18:52:55","guid":{"rendered":"https:\/\/physis-menorca.com\/contacto"},"modified":"2025-01-28T12:00:27","modified_gmt":"2025-01-28T12:00:27","slug":"contacto","status":"publish","type":"page","link":"https:\/\/physis-menorca.com\/es\/contacto\/","title":{"rendered":"Contacto"},"content":{"rendered":"<p>[et_pb_section fb_built=\u00bb1&#8243; _builder_version=\u00bb4.27.2&#8243; _module_preset=\u00bbdefault\u00bb background_color=\u00bb#ddcdae\u00bb min_height=\u00bb625px\u00bb custom_margin=\u00bb||||false|false\u00bb custom_padding=\u00bb40px||||false|false\u00bb global_colors_info=\u00bb{}\u00bb][et_pb_row _builder_version=\u00bb4.24.2&#8243; _module_preset=\u00bbdefault\u00bb width=\u00bb90%\u00bb width_tablet=\u00bb90%\u00bb width_phone=\u00bb90%\u00bb width_last_edited=\u00bbon|phone\u00bb custom_padding=\u00bb2px|||||\u00bb global_colors_info=\u00bb{}\u00bb][et_pb_column type=\u00bb4_4&#8243; _builder_version=\u00bb4.24.2&#8243; _module_preset=\u00bbdefault\u00bb global_colors_info=\u00bb{}\u00bb][et_pb_text _builder_version=\u00bb4.24.2&#8243; _module_preset=\u00bbdefault\u00bb text_font=\u00bbAtkinson Hyperlegible||||||||\u00bb text_text_color=\u00bb#000000&#8243; text_font_size=\u00bb18px\u00bb text_font_size_tablet=\u00bb18px\u00bb text_font_size_phone=\u00bb20px\u00bb text_font_size_last_edited=\u00bbon|phone\u00bb global_colors_info=\u00bb{}\u00bb]<\/p>\n<p style=\"text-align: center;\">Av. Vives Llull, 111 B &#8211; Ma\u00f3<br \/> 676 62 37 72<\/p>\n<p>[\/et_pb_text][et_pb_button button_url=\u00bbhttps:\/\/physis-menorca.com\/cita\u00bb button_text=\u00bbAGENDAR CITA\u00bb button_alignment=\u00bbcenter\u00bb _builder_version=\u00bb4.24.2&#8243; _module_preset=\u00bbdefault\u00bb custom_button=\u00bbon\u00bb button_text_color=\u00bb#ddcdae\u00bb button_bg_color=\u00bb#000000&#8243; button_border_color=\u00bbRGBA(255,255,255,0)\u00bb button_border_radius=\u00bb10px\u00bb button_font=\u00bbAtkinson Hyperlegible||||||||\u00bb global_colors_info=\u00bb{}\u00bb][\/et_pb_button][et_pb_code _builder_version=\u00bb4.27.4&#8243; _module_preset=\u00bbdefault\u00bb min_height=\u00bb505px\u00bb height=\u00bb200px\u00bb max_height=\u00bb200px\u00bb max_height_tablet=\u00bb200px\u00bb max_height_phone=\u00bb200px\u00bb max_height_last_edited=\u00bbon|phone\u00bb custom_padding=\u00bb||0px|||\u00bb hover_enabled=\u00bb0&#8243; border_radii=\u00bbon|10px|10px|10px|10px\u00bb box_shadow_style=\u00bbpreset6&#8243; global_colors_info=\u00bb{}\u00bb sticky_enabled=\u00bb0&#8243;]<iframe src=\"https:\/\/www.google.com\/maps\/embed?pb=!1m18!1m12!1m3!1d3061.2968650101798!2d4.2511498759850115!3d39.889985271529135!2m3!1f0!2f0!3f0!3m2!1i1024!2i768!4f13.1!3m3!1m2!1s0x1295871dbf9ebd89%3A0x7697295a5116bd36!2sPhysis%20Menorca!5e0!3m2!1ses!2ses!4v1716452226146!5m2!1ses!2ses\" width=\"200%\" height=\"500\" style=\"border:0;\" allowfullscreen=\"\" loading=\"lazy\" referrerpolicy=\"no-referrer-when-downgrade\"><\/iframe>[\/et_pb_code][\/et_pb_column][\/et_pb_row][\/et_pb_section]<\/p>\n","protected":false},"excerpt":{"rendered":"<p>Av. Vives Llull, 111 B &#8211; Ma\u00f3 676 62 37 72<\/p>\n","protected":false},"author":2,"featured_media":0,"parent":0,"menu_order":0,"comment_status":"closed","ping_status":"closed","template":"","meta":{"_et_pb_use_builder":"on","_et_pb_old_content":"","_et_gb_content_width":"","footnotes":""},"class_list":["post-824","page","type-page","status-publish","hentry"],"yoast_head":"<!-- This site is optimized with the Yoast SEO plugin v26.8 - https:\/\/yoast.com\/product\/yoast-seo-wordpress\/ -->\n<title>Contacto - Physis Menorca<\/title>\n<meta name=\"robots\" content=\"index, follow, max-snippet:-1, max-image-preview:large, max-video-preview:-1\" \/>\n<link rel=\"canonical\" href=\"https:\/\/physis-menorca.com\/es\/contacto\/\" \/>\n<meta property=\"og:locale\" content=\"es_ES\" \/>\n<meta property=\"og:type\" content=\"article\" \/>\n<meta property=\"og:title\" content=\"Contacto - Physis Menorca\" \/>\n<meta property=\"og:description\" content=\"Av. Vives Llull, 111 B - Ma\u00f3 676 62 37 72\" \/>\n<meta property=\"og:url\" content=\"https:\/\/physis-menorca.com\/es\/contacto\/\" \/>\n<meta property=\"og:site_name\" content=\"Physis Menorca\" \/>\n<meta property=\"article:modified_time\" content=\"2025-01-28T12:00:27+00:00\" \/>\n<meta name=\"twitter:card\" content=\"summary_large_image\" \/>\n<meta name=\"twitter:label1\" content=\"Tiempo de lectura\" \/>\n\t<meta name=\"twitter:data1\" content=\"1 minuto\" \/>\n<script type=\"application\/ld+json\" class=\"yoast-schema-graph\">{\"@context\":\"https:\/\/schema.org\",\"@graph\":[{\"@type\":\"WebPage\",\"@id\":\"https:\/\/physis-menorca.com\/es\/contacto\/\",\"url\":\"https:\/\/physis-menorca.com\/es\/contacto\/\",\"name\":\"Contacto - Physis Menorca\",\"isPartOf\":{\"@id\":\"https:\/\/physis-menorca.com\/#website\"},\"datePublished\":\"2024-05-08T18:52:55+00:00\",\"dateModified\":\"2025-01-28T12:00:27+00:00\",\"breadcrumb\":{\"@id\":\"https:\/\/physis-menorca.com\/es\/contacto\/#breadcrumb\"},\"inLanguage\":\"es\",\"potentialAction\":[{\"@type\":\"ReadAction\",\"target\":[\"https:\/\/physis-menorca.com\/es\/contacto\/\"]}]},{\"@type\":\"BreadcrumbList\",\"@id\":\"https:\/\/physis-menorca.com\/es\/contacto\/#breadcrumb\",\"itemListElement\":[{\"@type\":\"ListItem\",\"position\":1,\"name\":\"Inici\",\"item\":\"https:\/\/physis-menorca.com\/es\/principal\/\"},{\"@type\":\"ListItem\",\"position\":2,\"name\":\"Contacto\"}]},{\"@type\":\"WebSite\",\"@id\":\"https:\/\/physis-menorca.com\/#website\",\"url\":\"https:\/\/physis-menorca.com\/\",\"name\":\"Physis Menorca\",\"description\":\"Physis se un centro de fisioterapia avanzada donde apostamos por el uso combinado de la terapia manual y de las t\u00e9cnicas m\u00e1s avances y por una formaci\u00f3n continuada y actualizada de nuestros profesionales para poder ofrecer el mejor servicio a nuestros pacientes.\",\"publisher\":{\"@id\":\"https:\/\/physis-menorca.com\/#organization\"},\"potentialAction\":[{\"@type\":\"SearchAction\",\"target\":{\"@type\":\"EntryPoint\",\"urlTemplate\":\"https:\/\/physis-menorca.com\/?s={search_term_string}\"},\"query-input\":{\"@type\":\"PropertyValueSpecification\",\"valueRequired\":true,\"valueName\":\"search_term_string\"}}],\"inLanguage\":\"es\"},{\"@type\":\"Organization\",\"@id\":\"https:\/\/physis-menorca.com\/#organization\",\"name\":\"Physis Menorca\",\"url\":\"https:\/\/physis-menorca.com\/\",\"logo\":{\"@type\":\"ImageObject\",\"inLanguage\":\"es\",\"@id\":\"https:\/\/physis-menorca.com\/#\/schema\/logo\/image\/\",\"url\":\"https:\/\/physis-menorca.com\/wp-content\/uploads\/2024\/05\/Group-1-1-1.png\",\"contentUrl\":\"https:\/\/physis-menorca.com\/wp-content\/uploads\/2024\/05\/Group-1-1-1.png\",\"width\":323,\"height\":119,\"caption\":\"Physis Menorca\"},\"image\":{\"@id\":\"https:\/\/physis-menorca.com\/#\/schema\/logo\/image\/\"},\"sameAs\":[\"https:\/\/www.instagram.com\/physis_menorca\"]}]}<\/script>\n<!-- \/ Yoast SEO plugin. -->","yoast_head_json":{"title":"Contacto - Physis Menorca","robots":{"index":"index","follow":"follow","max-snippet":"max-snippet:-1","max-image-preview":"max-image-preview:large","max-video-preview":"max-video-preview:-1"},"canonical":"https:\/\/physis-menorca.com\/es\/contacto\/","og_locale":"es_ES","og_type":"article","og_title":"Contacto - Physis Menorca","og_description":"Av. Vives Llull, 111 B - Ma\u00f3 676 62 37 72","og_url":"https:\/\/physis-menorca.com\/es\/contacto\/","og_site_name":"Physis Menorca","article_modified_time":"2025-01-28T12:00:27+00:00","twitter_card":"summary_large_image","twitter_misc":{"Tiempo de lectura":"1 minuto"},"schema":{"@context":"https:\/\/schema.org","@graph":[{"@type":"WebPage","@id":"https:\/\/physis-menorca.com\/es\/contacto\/","url":"https:\/\/physis-menorca.com\/es\/contacto\/","name":"Contacto - Physis Menorca","isPartOf":{"@id":"https:\/\/physis-menorca.com\/#website"},"datePublished":"2024-05-08T18:52:55+00:00","dateModified":"2025-01-28T12:00:27+00:00","breadcrumb":{"@id":"https:\/\/physis-menorca.com\/es\/contacto\/#breadcrumb"},"inLanguage":"es","potentialAction":[{"@type":"ReadAction","target":["https:\/\/physis-menorca.com\/es\/contacto\/"]}]},{"@type":"BreadcrumbList","@id":"https:\/\/physis-menorca.com\/es\/contacto\/#breadcrumb","itemListElement":[{"@type":"ListItem","position":1,"name":"Inici","item":"https:\/\/physis-menorca.com\/es\/principal\/"},{"@type":"ListItem","position":2,"name":"Contacto"}]},{"@type":"WebSite","@id":"https:\/\/physis-menorca.com\/#website","url":"https:\/\/physis-menorca.com\/","name":"Physis Menorca","description":"Physis se un centro de fisioterapia avanzada donde apostamos por el uso combinado de la terapia manual y de las t\u00e9cnicas m\u00e1s avances y por una formaci\u00f3n continuada y actualizada de nuestros profesionales para poder ofrecer el mejor servicio a nuestros pacientes.","publisher":{"@id":"https:\/\/physis-menorca.com\/#organization"},"potentialAction":[{"@type":"SearchAction","target":{"@type":"EntryPoint","urlTemplate":"https:\/\/physis-menorca.com\/?s={search_term_string}"},"query-input":{"@type":"PropertyValueSpecification","valueRequired":true,"valueName":"search_term_string"}}],"inLanguage":"es"},{"@type":"Organization","@id":"https:\/\/physis-menorca.com\/#organization","name":"Physis Menorca","url":"https:\/\/physis-menorca.com\/","logo":{"@type":"ImageObject","inLanguage":"es","@id":"https:\/\/physis-menorca.com\/#\/schema\/logo\/image\/","url":"https:\/\/physis-menorca.com\/wp-content\/uploads\/2024\/05\/Group-1-1-1.png","contentUrl":"https:\/\/physis-menorca.com\/wp-content\/uploads\/2024\/05\/Group-1-1-1.png","width":323,"height":119,"caption":"Physis Menorca"},"image":{"@id":"https:\/\/physis-menorca.com\/#\/schema\/logo\/image\/"},"sameAs":["https:\/\/www.instagram.com\/physis_menorca"]}]}},"_links":{"self":[{"href":"https:\/\/physis-menorca.com\/es\/wp-json\/wp\/v2\/pages\/824","targetHints":{"allow":["GET"]}}],"collection":[{"href":"https:\/\/physis-menorca.com\/es\/wp-json\/wp\/v2\/pages"}],"about":[{"href":"https:\/\/physis-menorca.com\/es\/wp-json\/wp\/v2\/types\/page"}],"author":[{"embeddable":true,"href":"https:\/\/physis-menorca.com\/es\/wp-json\/wp\/v2\/users\/2"}],"replies":[{"embeddable":true,"href":"https:\/\/physis-menorca.com\/es\/wp-json\/wp\/v2\/comments?post=824"}],"version-history":[{"count":3,"href":"https:\/\/physis-menorca.com\/es\/wp-json\/wp\/v2\/pages\/824\/revisions"}],"predecessor-version":[{"id":829,"href":"https:\/\/physis-menorca.com\/es\/wp-json\/wp\/v2\/pages\/824\/revisions\/829"}],"wp:attachment":[{"href":"https:\/\/physis-menorca.com\/es\/wp-json\/wp\/v2\/media?parent=824"}],"curies":[{"name":"wp","href":"https:\/\/api.w.org\/{rel}","templated":true}]}}