{"id":830,"date":"2024-05-08T18:27:10","date_gmt":"2024-05-08T18:27:10","guid":{"rendered":"https:\/\/physis-menorca.com\/equipo"},"modified":"2025-02-06T11:08:29","modified_gmt":"2025-02-06T11:08:29","slug":"equipo","status":"publish","type":"page","link":"https:\/\/physis-menorca.com\/es\/equipo\/","title":{"rendered":"Equipo"},"content":{"rendered":"<p>[et_pb_section fb_built=\u00bb1&#8243; _builder_version=\u00bb4.27.4&#8243; _module_preset=\u00bbdefault\u00bb background_color=\u00bb#ddcdae\u00bb custom_margin=\u00bb||||false|false\u00bb custom_padding=\u00bb0px|||||\u00bb global_colors_info=\u00bb{}\u00bb][et_pb_row _builder_version=\u00bb4.24.2&#8243; _module_preset=\u00bbdefault\u00bb width=\u00bb100%\u00bb max_width=\u00bb100%\u00bb module_alignment=\u00bbcenter\u00bb custom_padding=\u00bb0px||||false|false\u00bb locked=\u00bboff\u00bb global_colors_info=\u00bb{}\u00bb][et_pb_column type=\u00bb4_4&#8243; _builder_version=\u00bb4.24.2&#8243; _module_preset=\u00bbdefault\u00bb global_colors_info=\u00bb{}\u00bb][et_pb_slider _builder_version=\u00bb4.27.4&#8243; _module_preset=\u00bbdefault\u00bb custom_button=\u00bbon\u00bb button_bg_enable_image=\u00bboff\u00bb button_icon=\u00bb&#x3c;||divi||400&#8243; min_height_tablet=\u00bb\u00bb min_height_phone=\u00bb180px\u00bb min_height_last_edited=\u00bbon|phone\u00bb custom_margin=\u00bb0px||||false|false\u00bb custom_margin_tablet=\u00bb0px||||false|false\u00bb custom_margin_phone=\u00bb0px||||false|false\u00bb custom_margin_last_edited=\u00bbon|phone\u00bb hover_enabled=\u00bb0&#8243; box_shadow_style=\u00bbpreset6&#8243; box_shadow_vertical=\u00bb4px\u00bb global_colors_info=\u00bb{}\u00bb sticky_enabled=\u00bb0&#8243;][et_pb_slide _builder_version=\u00bb4.27.4&#8243; _module_preset=\u00bbdefault\u00bb background_image=\u00bbhttps:\/\/physis-menorca.com\/wp-content\/uploads\/2025\/02\/image00006-ret-scaled-e1738840037368.jpg\u00bb background_enable_image=\u00bbon\u00bb background_position=\u00bbtop_left\u00bb hover_enabled=\u00bb0&#8243; global_colors_info=\u00bb{}\u00bb sticky_transition=\u00bbon\u00bb title_text=\u00bbimage00006 ret\u00bb sticky_enabled=\u00bb0&#8243;][\/et_pb_slide][\/et_pb_slider][\/et_pb_column][\/et_pb_row][et_pb_row column_structure=\u00bb2_5,3_5&#8243; _builder_version=\u00bb4.27.2&#8243; _module_preset=\u00bbdefault\u00bb width=\u00bb90%\u00bb global_colors_info=\u00bb{}\u00bb][et_pb_column type=\u00bb2_5&#8243; _builder_version=\u00bb4.24.2&#8243; _module_preset=\u00bbdefault\u00bb global_colors_info=\u00bb{}\u00bb][et_pb_text _builder_version=\u00bb4.24.2&#8243; _module_preset=\u00bbdefault\u00bb background_image=\u00bbhttps:\/\/physis-menorca.com\/wp-content\/uploads\/2024\/05\/image00011.jpg\u00bb width=\u00bb250px\u00bb module_alignment=\u00bbcenter\u00bb height=\u00bb225px\u00bb border_radii=\u00bbon|20px|20px|20px|20px\u00bb box_shadow_style=\u00bbpreset6&#8243; box_shadow_vertical=\u00bb5px\u00bb box_shadow_blur=\u00bb3px\u00bb locked=\u00bboff\u00bb global_colors_info=\u00bb{}\u00bb][\/et_pb_text][\/et_pb_column][et_pb_column type=\u00bb3_5&#8243; _builder_version=\u00bb4.24.2&#8243; _module_preset=\u00bbdefault\u00bb global_colors_info=\u00bb{}\u00bb][et_pb_heading title=\u00bbJosep Jover\u00bb _builder_version=\u00bb4.27.4&#8243; _module_preset=\u00bbdefault\u00bb title_font=\u00bbAtkinson Hyperlegible|700|||||||\u00bb title_text_align=\u00bbleft\u00bb custom_margin=\u00bb||7px|-100px|false|false\u00bb custom_margin_tablet=\u00bb||0px|0px|false|false\u00bb custom_margin_phone=\u00bb||0px|0px|false|false\u00bb custom_margin_last_edited=\u00bbon|phone\u00bb custom_padding=\u00bb50px||0px||false|false\u00bb custom_padding_tablet=\u00bb0px||0px||false|false\u00bb custom_padding_phone=\u00bb0px||0px||false|false\u00bb custom_padding_last_edited=\u00bbon|tablet\u00bb title_text_align_tablet=\u00bbcenter\u00bb title_text_align_phone=\u00bbcenter\u00bb title_text_align_last_edited=\u00bbon|desktop\u00bb global_colors_info=\u00bb{}\u00bb][\/et_pb_heading][et_pb_toggle title=\u00bbEspecialista en Fisioterapia invasiva avanzada, tratamiento de ATM y t\u00e9cnicas manipulativas.\u00bb icon_color=\u00bbrgba(0,0,0,0.13)\u00bb use_icon_font_size=\u00bbon\u00bb icon_font_size=\u00bb28px\u00bb open_icon_color=\u00bbrgba(0,0,0,0.13)\u00bb open_use_icon_font_size=\u00bbon\u00bb open_icon_font_size=\u00bb28px\u00bb _builder_version=\u00bb4.27.4&#8243; _module_preset=\u00bbdefault\u00bb background_color=\u00bbrgba(255,255,255,0.25)\u00bb custom_margin=\u00bb||0px|-100px|false|false\u00bb custom_margin_tablet=\u00bb|||0px|false|false\u00bb custom_margin_phone=\u00bb|||0px|false|false\u00bb custom_margin_last_edited=\u00bbon|tablet\u00bb body_font_size_tablet=\u00bb\u00bb body_font_size_phone=\u00bb\u00bb body_font_size_last_edited=\u00bbon|phone\u00bb border_radii=\u00bbon|20px|20px|20px|20px\u00bb border_width_all=\u00bb0px\u00bb global_colors_info=\u00bb{}\u00bb]<\/p>\n<p>&#8211; Diplomado en Fisioterapia UVic (2008\/2011)<br \/> &#8211; TAAFE (2006\/2008)<br \/> &#8211; Postgrado en Fisioterapia Invasiva Avanzada (2023)<br \/> &#8211; Curso Liberaci\u00f3n miofascial con ganchos (2012)<br \/> &#8211; Master en Fisioterapia Equina (2013\/2014)<br \/> &#8211; Postgrado en Osteopat\u00eda Equina y Canina (2014\/2015)<br \/> &#8211; Curso de t\u00e9cnicas manipulativas (2020)<br \/> &#8211; Curso de Electroneuroacupuntura (ENA) (2023)<br \/> &#8211; Cursos de Neuromodulaci\u00f3n percut\u00e1nea (nmp y nfd)(2021-2022)<br \/> &#8211; Cursos de Electrolisis percutanea (EPI y Epte)(2015-2021)<br \/> &#8211; Curso de ATM (2017)<br \/> &#8211; Formaci\u00f3n en Ecografia Patol\u00f3gica (2024)<\/p>\n<p>Experiencia profesional<br \/> &#8211; Readaptador lesiones DIR Campus (2011\/2012)<br \/> &#8211; Fisiosport (2012\/2014)<br \/> &#8211; Impulso (2014\/2020)<br \/> &#8211; Josep Jover Fisioterapia (2020\/2023)<br \/> &#8211; Fisioterapeuta Baloncesto Menorca (2018\/2020)<br \/> &#8211; Fisioterapeuta Ballers United (2020\u2026)<\/p>\n<p>[\/et_pb_toggle][\/et_pb_column][\/et_pb_row][et_pb_row column_structure=\u00bb2_5,3_5&#8243; _builder_version=\u00bb4.24.2&#8243; _module_preset=\u00bbdefault\u00bb width=\u00bb90%\u00bb global_colors_info=\u00bb{}\u00bb][et_pb_column type=\u00bb2_5&#8243; _builder_version=\u00bb4.24.2&#8243; _module_preset=\u00bbdefault\u00bb global_colors_info=\u00bb{}\u00bb][et_pb_text _builder_version=\u00bb4.24.2&#8243; _module_preset=\u00bbdefault\u00bb background_image=\u00bbhttps:\/\/physis-menorca.com\/wp-content\/uploads\/2024\/05\/image00009.jpg\u00bb width=\u00bb250px\u00bb module_alignment=\u00bbcenter\u00bb height=\u00bb225px\u00bb border_radii=\u00bbon|20px|20px|20px|20px\u00bb box_shadow_style=\u00bbpreset6&#8243; box_shadow_vertical=\u00bb5px\u00bb box_shadow_blur=\u00bb3px\u00bb locked=\u00bboff\u00bb global_colors_info=\u00bb{}\u00bb][\/et_pb_text][\/et_pb_column][et_pb_column type=\u00bb3_5&#8243; _builder_version=\u00bb4.24.2&#8243; _module_preset=\u00bbdefault\u00bb global_colors_info=\u00bb{}\u00bb][et_pb_heading title=\u00bbCarlos Lluch\u00bb _builder_version=\u00bb4.27.4&#8243; _module_preset=\u00bbdefault\u00bb title_font=\u00bbAtkinson Hyperlegible|700|||||||\u00bb title_text_align=\u00bbleft\u00bb custom_margin=\u00bb||7px|-100px|false|false\u00bb custom_margin_tablet=\u00bb||0px|0px|false|false\u00bb custom_margin_phone=\u00bb||0px|0px|false|false\u00bb custom_margin_last_edited=\u00bbon|desktop\u00bb custom_padding=\u00bb50px||||false|false\u00bb custom_padding_tablet=\u00bb0px||||false|false\u00bb custom_padding_phone=\u00bb0px||||false|false\u00bb custom_padding_last_edited=\u00bbon|tablet\u00bb title_text_align_tablet=\u00bbcenter\u00bb title_text_align_phone=\u00bbcenter\u00bb title_text_align_last_edited=\u00bbon|phone\u00bb global_colors_info=\u00bb{}\u00bb][\/et_pb_heading][et_pb_toggle title=\u00bbEspecialista en Fisioterapia Invasiva y ejercicio terap\u00e9utico\u00bb icon_color=\u00bbrgba(0,0,0,0.13)\u00bb use_icon_font_size=\u00bbon\u00bb icon_font_size=\u00bb28px\u00bb open_icon_color=\u00bbrgba(0,0,0,0.13)\u00bb open_use_icon_font_size=\u00bbon\u00bb open_icon_font_size=\u00bb28px\u00bb _builder_version=\u00bb4.27.4&#8243; _module_preset=\u00bbdefault\u00bb background_color=\u00bbrgba(255,255,255,0.25)\u00bb custom_margin=\u00bb|||-100px|false|false\u00bb custom_margin_tablet=\u00bb|||0px|false|false\u00bb custom_margin_phone=\u00bb|||0px|false|false\u00bb custom_margin_last_edited=\u00bbon|desktop\u00bb custom_padding=\u00bb||||false|false\u00bb border_radii=\u00bbon|20px|20px|20px|20px\u00bb border_width_all=\u00bb0px\u00bb global_colors_info=\u00bb{}\u00bb]<\/p>\n<p>&#8211; Graduado en Fisioterapia UIB\/UAB (2019\/2023)<br \/> &#8211; TAAFE (2017\/2019)<br \/> &#8211; Curso de experto universitario en Biomec\u00e1nica del ejercicio (2022)<br \/> &#8211; Postgrado en Fisioterapia Invasiva Avanzada (2024)<br \/> &#8211; Curso de Electroneuroacupuntura (ENA) (2023)<br \/> &#8211; Curso de punci\u00f3n seca y electropunci\u00f3n (2024)<\/p>\n<p>&#8211; Fsioterapeuta Club Gimnasia art\u00edstica FLIC FLAC (2024-\u2026)<\/p>\n<p>Experiencia profesional<br \/> &#8211; UE Cornell\u00e1 (2023)<br \/> &#8211; \u2060Fisio&amp;Move Madrid (2024)<\/p>\n<p>[\/et_pb_toggle][\/et_pb_column][\/et_pb_row][et_pb_row column_structure=\u00bb2_5,3_5&#8243; _builder_version=\u00bb4.24.2&#8243; _module_preset=\u00bbdefault\u00bb width=\u00bb90%\u00bb global_colors_info=\u00bb{}\u00bb][et_pb_column type=\u00bb2_5&#8243; _builder_version=\u00bb4.24.2&#8243; _module_preset=\u00bbdefault\u00bb global_colors_info=\u00bb{}\u00bb][et_pb_text _builder_version=\u00bb4.24.2&#8243; _module_preset=\u00bbdefault\u00bb background_image=\u00bbhttps:\/\/physis-menorca.com\/wp-content\/uploads\/2024\/05\/image00014.jpg\u00bb width=\u00bb250px\u00bb module_alignment=\u00bbcenter\u00bb height=\u00bb225px\u00bb border_radii=\u00bbon|20px|20px|20px|20px\u00bb box_shadow_style=\u00bbpreset6&#8243; box_shadow_vertical=\u00bb5px\u00bb box_shadow_blur=\u00bb3px\u00bb locked=\u00bboff\u00bb global_colors_info=\u00bb{}\u00bb][\/et_pb_text][\/et_pb_column][et_pb_column type=\u00bb3_5&#8243; _builder_version=\u00bb4.24.2&#8243; _module_preset=\u00bbdefault\u00bb global_colors_info=\u00bb{}\u00bb][et_pb_heading title=\u00bbMarco Parpal\u00bb _builder_version=\u00bb4.27.4&#8243; _module_preset=\u00bbdefault\u00bb title_font=\u00bbAtkinson Hyperlegible|700|||||||\u00bb title_text_align=\u00bbleft\u00bb custom_margin=\u00bb||7px|-100px|false|false\u00bb custom_margin_tablet=\u00bb||0px|0px|false|false\u00bb custom_margin_phone=\u00bb||0px|0px|false|false\u00bb custom_margin_last_edited=\u00bbon|desktop\u00bb custom_padding=\u00bb50px||||false|false\u00bb custom_padding_tablet=\u00bb0px||||false|false\u00bb custom_padding_phone=\u00bb0px||||false|false\u00bb custom_padding_last_edited=\u00bbon|tablet\u00bb title_text_align_tablet=\u00bbcenter\u00bb title_text_align_phone=\u00bbcenter\u00bb title_text_align_last_edited=\u00bbon|phone\u00bb global_colors_info=\u00bb{}\u00bb][\/et_pb_heading][et_pb_toggle title=\u00bbEspecialista en Fisioterapia Invasiva y ejercicio terap\u00e9utico\u00bb icon_color=\u00bbrgba(0,0,0,0.13)\u00bb use_icon_font_size=\u00bbon\u00bb icon_font_size=\u00bb28px\u00bb open_icon_color=\u00bbrgba(0,0,0,0.13)\u00bb open_use_icon_font_size=\u00bbon\u00bb open_icon_font_size=\u00bb28px\u00bb _builder_version=\u00bb4.27.4&#8243; _module_preset=\u00bbdefault\u00bb background_color=\u00bbrgba(255,255,255,0.25)\u00bb custom_margin=\u00bb|||-100px|false|false\u00bb custom_margin_tablet=\u00bb|||0px|false|false\u00bb custom_margin_phone=\u00bb|||0px|false|false\u00bb custom_margin_last_edited=\u00bbon|desktop\u00bb border_radii=\u00bbon|20px|20px|20px|20px\u00bb border_width_all=\u00bb0px\u00bb global_colors_info=\u00bb{}\u00bb]<\/p>\n<p>&#8211; Graduado en Fisioterapia UIB (2019-2023)<br \/> &#8211; TAAFE (2017-2019)<br \/> &#8211; Postgrado en Fisioterapia Invasiva Avanzada (2024)<br \/> &#8211; Curso de punci\u00f3n seca y electropunci\u00f3n (2024)<\/p>\n<p>&#8211; Fisioterapeuta CCE San Luis (2022-&#8230;)<br \/> &#8211; Fisioterapeuta Ballers United (20<\/p>\n<p>[\/et_pb_toggle][\/et_pb_column][\/et_pb_row][\/et_pb_section]<\/p>\n","protected":false},"excerpt":{"rendered":"<p>&#8211; Diplomado en Fisioterapia UVic (2008\/2011) &#8211; TAAFE (2006\/2008) &#8211; Postgrado en Fisioterapia Invasiva Avanzada (2023) &#8211; Curso Liberaci\u00f3n miofascial con ganchos (2012) &#8211; Master en Fisioterapia Equina (2013\/2014) &#8211; Postgrado en Osteopat\u00eda Equina y Canina (2014\/2015) &#8211; Curso de t\u00e9cnicas manipulativas (2020) &#8211; Curso de Electroneuroacupuntura (ENA) (2023) &#8211; Cursos de Neuromodulaci\u00f3n percut\u00e1nea (nmp [&hellip;]<\/p>\n","protected":false},"author":2,"featured_media":0,"parent":0,"menu_order":0,"comment_status":"closed","ping_status":"closed","template":"","meta":{"_et_pb_use_builder":"on","_et_pb_old_content":"","_et_gb_content_width":"","footnotes":""},"class_list":["post-830","page","type-page","status-publish","hentry"],"yoast_head":"<!-- This site is optimized with the Yoast SEO plugin v26.8 - https:\/\/yoast.com\/product\/yoast-seo-wordpress\/ -->\n<title>Equipo - Physis Menorca<\/title>\n<meta name=\"robots\" content=\"index, follow, max-snippet:-1, max-image-preview:large, max-video-preview:-1\" \/>\n<link rel=\"canonical\" href=\"https:\/\/physis-menorca.com\/es\/equipo\/\" \/>\n<meta property=\"og:locale\" content=\"es_ES\" \/>\n<meta property=\"og:type\" content=\"article\" \/>\n<meta property=\"og:title\" content=\"Equipo - Physis Menorca\" \/>\n<meta property=\"og:description\" content=\"- Diplomado en Fisioterapia UVic (2008\/2011) - TAAFE (2006\/2008) - Postgrado en Fisioterapia Invasiva Avanzada (2023) - Curso Liberaci\u00f3n miofascial con ganchos (2012) - Master en Fisioterapia Equina (2013\/2014) - Postgrado en Osteopat\u00eda Equina y Canina (2014\/2015) - Curso de t\u00e9cnicas manipulativas (2020) - Curso de Electroneuroacupuntura (ENA) (2023) - Cursos de Neuromodulaci\u00f3n percut\u00e1nea (nmp [&hellip;]\" \/>\n<meta property=\"og:url\" content=\"https:\/\/physis-menorca.com\/es\/equipo\/\" \/>\n<meta property=\"og:site_name\" content=\"Physis Menorca\" \/>\n<meta property=\"article:modified_time\" content=\"2025-02-06T11:08:29+00:00\" \/>\n<meta name=\"twitter:card\" content=\"summary_large_image\" \/>\n<meta name=\"twitter:label1\" content=\"Tiempo de lectura\" \/>\n\t<meta name=\"twitter:data1\" content=\"6 minutos\" \/>\n<script type=\"application\/ld+json\" class=\"yoast-schema-graph\">{\"@context\":\"https:\/\/schema.org\",\"@graph\":[{\"@type\":\"WebPage\",\"@id\":\"https:\/\/physis-menorca.com\/es\/equipo\/\",\"url\":\"https:\/\/physis-menorca.com\/es\/equipo\/\",\"name\":\"Equipo - Physis Menorca\",\"isPartOf\":{\"@id\":\"https:\/\/physis-menorca.com\/#website\"},\"datePublished\":\"2024-05-08T18:27:10+00:00\",\"dateModified\":\"2025-02-06T11:08:29+00:00\",\"breadcrumb\":{\"@id\":\"https:\/\/physis-menorca.com\/es\/equipo\/#breadcrumb\"},\"inLanguage\":\"es\",\"potentialAction\":[{\"@type\":\"ReadAction\",\"target\":[\"https:\/\/physis-menorca.com\/es\/equipo\/\"]}]},{\"@type\":\"BreadcrumbList\",\"@id\":\"https:\/\/physis-menorca.com\/es\/equipo\/#breadcrumb\",\"itemListElement\":[{\"@type\":\"ListItem\",\"position\":1,\"name\":\"Inici\",\"item\":\"https:\/\/physis-menorca.com\/es\/principal\/\"},{\"@type\":\"ListItem\",\"position\":2,\"name\":\"Equipo\"}]},{\"@type\":\"WebSite\",\"@id\":\"https:\/\/physis-menorca.com\/#website\",\"url\":\"https:\/\/physis-menorca.com\/\",\"name\":\"Physis Menorca\",\"description\":\"Physis se un centro de fisioterapia avanzada donde apostamos por el uso combinado de la terapia manual y de las t\u00e9cnicas m\u00e1s avances y por una formaci\u00f3n continuada y actualizada de nuestros profesionales para poder ofrecer el mejor servicio a nuestros pacientes.\",\"publisher\":{\"@id\":\"https:\/\/physis-menorca.com\/#organization\"},\"potentialAction\":[{\"@type\":\"SearchAction\",\"target\":{\"@type\":\"EntryPoint\",\"urlTemplate\":\"https:\/\/physis-menorca.com\/?s={search_term_string}\"},\"query-input\":{\"@type\":\"PropertyValueSpecification\",\"valueRequired\":true,\"valueName\":\"search_term_string\"}}],\"inLanguage\":\"es\"},{\"@type\":\"Organization\",\"@id\":\"https:\/\/physis-menorca.com\/#organization\",\"name\":\"Physis Menorca\",\"url\":\"https:\/\/physis-menorca.com\/\",\"logo\":{\"@type\":\"ImageObject\",\"inLanguage\":\"es\",\"@id\":\"https:\/\/physis-menorca.com\/#\/schema\/logo\/image\/\",\"url\":\"https:\/\/physis-menorca.com\/wp-content\/uploads\/2024\/05\/Group-1-1-1.png\",\"contentUrl\":\"https:\/\/physis-menorca.com\/wp-content\/uploads\/2024\/05\/Group-1-1-1.png\",\"width\":323,\"height\":119,\"caption\":\"Physis Menorca\"},\"image\":{\"@id\":\"https:\/\/physis-menorca.com\/#\/schema\/logo\/image\/\"},\"sameAs\":[\"https:\/\/www.instagram.com\/physis_menorca\"]}]}<\/script>\n<!-- \/ Yoast SEO plugin. -->","yoast_head_json":{"title":"Equipo - Physis Menorca","robots":{"index":"index","follow":"follow","max-snippet":"max-snippet:-1","max-image-preview":"max-image-preview:large","max-video-preview":"max-video-preview:-1"},"canonical":"https:\/\/physis-menorca.com\/es\/equipo\/","og_locale":"es_ES","og_type":"article","og_title":"Equipo - Physis Menorca","og_description":"- Diplomado en Fisioterapia UVic (2008\/2011) - TAAFE (2006\/2008) - Postgrado en Fisioterapia Invasiva Avanzada (2023) - Curso Liberaci\u00f3n miofascial con ganchos (2012) - Master en Fisioterapia Equina (2013\/2014) - Postgrado en Osteopat\u00eda Equina y Canina (2014\/2015) - Curso de t\u00e9cnicas manipulativas (2020) - Curso de Electroneuroacupuntura (ENA) (2023) - Cursos de Neuromodulaci\u00f3n percut\u00e1nea (nmp [&hellip;]","og_url":"https:\/\/physis-menorca.com\/es\/equipo\/","og_site_name":"Physis Menorca","article_modified_time":"2025-02-06T11:08:29+00:00","twitter_card":"summary_large_image","twitter_misc":{"Tiempo de lectura":"6 minutos"},"schema":{"@context":"https:\/\/schema.org","@graph":[{"@type":"WebPage","@id":"https:\/\/physis-menorca.com\/es\/equipo\/","url":"https:\/\/physis-menorca.com\/es\/equipo\/","name":"Equipo - Physis Menorca","isPartOf":{"@id":"https:\/\/physis-menorca.com\/#website"},"datePublished":"2024-05-08T18:27:10+00:00","dateModified":"2025-02-06T11:08:29+00:00","breadcrumb":{"@id":"https:\/\/physis-menorca.com\/es\/equipo\/#breadcrumb"},"inLanguage":"es","potentialAction":[{"@type":"ReadAction","target":["https:\/\/physis-menorca.com\/es\/equipo\/"]}]},{"@type":"BreadcrumbList","@id":"https:\/\/physis-menorca.com\/es\/equipo\/#breadcrumb","itemListElement":[{"@type":"ListItem","position":1,"name":"Inici","item":"https:\/\/physis-menorca.com\/es\/principal\/"},{"@type":"ListItem","position":2,"name":"Equipo"}]},{"@type":"WebSite","@id":"https:\/\/physis-menorca.com\/#website","url":"https:\/\/physis-menorca.com\/","name":"Physis Menorca","description":"Physis se un centro de fisioterapia avanzada donde apostamos por el uso combinado de la terapia manual y de las t\u00e9cnicas m\u00e1s avances y por una formaci\u00f3n continuada y actualizada de nuestros profesionales para poder ofrecer el mejor servicio a nuestros pacientes.","publisher":{"@id":"https:\/\/physis-menorca.com\/#organization"},"potentialAction":[{"@type":"SearchAction","target":{"@type":"EntryPoint","urlTemplate":"https:\/\/physis-menorca.com\/?s={search_term_string}"},"query-input":{"@type":"PropertyValueSpecification","valueRequired":true,"valueName":"search_term_string"}}],"inLanguage":"es"},{"@type":"Organization","@id":"https:\/\/physis-menorca.com\/#organization","name":"Physis Menorca","url":"https:\/\/physis-menorca.com\/","logo":{"@type":"ImageObject","inLanguage":"es","@id":"https:\/\/physis-menorca.com\/#\/schema\/logo\/image\/","url":"https:\/\/physis-menorca.com\/wp-content\/uploads\/2024\/05\/Group-1-1-1.png","contentUrl":"https:\/\/physis-menorca.com\/wp-content\/uploads\/2024\/05\/Group-1-1-1.png","width":323,"height":119,"caption":"Physis Menorca"},"image":{"@id":"https:\/\/physis-menorca.com\/#\/schema\/logo\/image\/"},"sameAs":["https:\/\/www.instagram.com\/physis_menorca"]}]}},"_links":{"self":[{"href":"https:\/\/physis-menorca.com\/es\/wp-json\/wp\/v2\/pages\/830","targetHints":{"allow":["GET"]}}],"collection":[{"href":"https:\/\/physis-menorca.com\/es\/wp-json\/wp\/v2\/pages"}],"about":[{"href":"https:\/\/physis-menorca.com\/es\/wp-json\/wp\/v2\/types\/page"}],"author":[{"embeddable":true,"href":"https:\/\/physis-menorca.com\/es\/wp-json\/wp\/v2\/users\/2"}],"replies":[{"embeddable":true,"href":"https:\/\/physis-menorca.com\/es\/wp-json\/wp\/v2\/comments?post=830"}],"version-history":[{"count":9,"href":"https:\/\/physis-menorca.com\/es\/wp-json\/wp\/v2\/pages\/830\/revisions"}],"predecessor-version":[{"id":1291,"href":"https:\/\/physis-menorca.com\/es\/wp-json\/wp\/v2\/pages\/830\/revisions\/1291"}],"wp:attachment":[{"href":"https:\/\/physis-menorca.com\/es\/wp-json\/wp\/v2\/media?parent=830"}],"curies":[{"name":"wp","href":"https:\/\/api.w.org\/{rel}","templated":true}]}}