{"id":834,"date":"2024-07-11T09:33:12","date_gmt":"2024-07-11T09:33:12","guid":{"rendered":"https:\/\/physis-menorca.com\/magnetolith"},"modified":"2025-01-28T12:00:45","modified_gmt":"2025-01-28T12:00:45","slug":"magnetolith","status":"publish","type":"page","link":"https:\/\/physis-menorca.com\/es\/magnetolith\/","title":{"rendered":"Magnetolith"},"content":{"rendered":"<p>[et_pb_section fb_built=\u00bb1&#8243; _builder_version=\u00bb4.24.2&#8243; _module_preset=\u00bbdefault\u00bb background_color=\u00bb#ddcdae\u00bb custom_margin=\u00bb||||false|false\u00bb custom_padding=\u00bb0px|||||\u00bb global_colors_info=\u00bb{}\u00bb][et_pb_row _builder_version=\u00bb4.24.2&#8243; _module_preset=\u00bbdefault\u00bb width=\u00bb100%\u00bb max_width=\u00bb100%\u00bb module_alignment=\u00bbcenter\u00bb custom_padding=\u00bb0px||||false|false\u00bb hover_enabled=\u00bb0&#8243; global_colors_info=\u00bb{}\u00bb sticky_enabled=\u00bb0&#8243;][et_pb_column type=\u00bb4_4&#8243; _builder_version=\u00bb4.24.2&#8243; _module_preset=\u00bbdefault\u00bb global_colors_info=\u00bb{}\u00bb][et_pb_slider _builder_version=\u00bb4.24.2&#8243; _module_preset=\u00bbdefault\u00bb custom_button=\u00bbon\u00bb button_bg_enable_image=\u00bboff\u00bb button_icon=\u00bb&#x3c;||divi||400&#8243; box_shadow_style=\u00bbpreset6&#8243; box_shadow_vertical=\u00bb4px\u00bb global_colors_info=\u00bb{}\u00bb min_height_phone=\u00bb180px\u00bb min_height_last_edited=\u00bbon|phone\u00bb][et_pb_slide _builder_version=\u00bb4.24.2&#8243; _module_preset=\u00bbdefault\u00bb background_image=\u00bbhttps:\/\/physis-menorca.com\/wp-content\/uploads\/2024\/07\/Magnetolith.jpg\u00bb background_enable_image=\u00bbon\u00bb global_colors_info=\u00bb{}\u00bb sticky_transition=\u00bbon\u00bb][\/et_pb_slide][\/et_pb_slider][\/et_pb_column][\/et_pb_row][et_pb_row _builder_version=\u00bb4.24.2&#8243; _module_preset=\u00bbdefault\u00bb width=\u00bb50%\u00bb max_width=\u00bb100%\u00bb global_colors_info=\u00bb{}\u00bb width_tablet=\u00bb50%\u00bb width_phone=\u00bb90%\u00bb width_last_edited=\u00bbon|phone\u00bb][et_pb_column type=\u00bb4_4&#8243; _builder_version=\u00bb4.24.2&#8243; _module_preset=\u00bbdefault\u00bb global_colors_info=\u00bb{}\u00bb][et_pb_heading title=\u00bbMAGNETOLITH\u00bb _builder_version=\u00bb4.24.2&#8243; _module_preset=\u00bbdefault\u00bb title_font=\u00bbAtkinson Hyperlegible||||||||\u00bb title_text_color=\u00bb#afa38a\u00bb title_font_size=\u00bb42px\u00bb width=\u00bb100%\u00bb module_alignment=\u00bbcenter\u00bb custom_margin=\u00bb||-1px|||\u00bb custom_padding=\u00bb||13px|||\u00bb global_colors_info=\u00bb{}\u00bb][\/et_pb_heading][et_pb_text _builder_version=\u00bb4.24.2&#8243; _module_preset=\u00bbdefault\u00bb text_font=\u00bbAtkinson Hyperlegible||||||||\u00bb text_text_color=\u00bb#000000&#8243; text_font_size=\u00bb18px\u00bb width=\u00bb100%\u00bb module_alignment=\u00bbcenter\u00bb global_colors_info=\u00bb{}\u00bb text_font_size_tablet=\u00bb18px\u00bb text_font_size_phone=\u00bb20px\u00bb text_font_size_last_edited=\u00bbon|phone\u00bb width_tablet=\u00bb100%\u00bb width_phone=\u00bb100%\u00bb width_last_edited=\u00bbon|phone\u00bb]<\/p>\n<p><span data-metadata=\"&lt;encoded_tag_open \/&gt;!--(figmeta)eyJmaWxlS2V5IjoiSWJXd05yVXJwZFVGQWlia2JMNGF1QiIsInBhc3RlSUQiOjExNzMyNjc3OTQsImRhdGFUeXBlIjoic2NlbmUifQo=(\/figmeta)--&lt;encoded_tag_closed \/&gt;\"><\/span><span>La terapia de<\/span> <span>magnetotransducci\u00f3n<\/span> <span>extracorp\u00f3rea (<\/span> <span>EMTT)<\/span> <span>con<\/span> <span>MAGNETOLITH\u00ae<\/span><span>  ofrece nuevas posibilidades de regeneraci\u00f3n y rehabilitaci\u00f3n. Entre sus campos de aplicaci\u00f3n se incluyen algunas enfermedades del aparato motor, como dolores de espalda o tendinopat\u00edas del manguito rotador o del tend\u00f3n de Aquiles.<\/span><\/p>\n<p><span>La<\/span> <span>EMTT<\/span> <span>se diferencia de otras formas generales de magnetoterapia o<\/span> <span>PEMF<\/span><span>  por su elevada frecuencia de oscilaci\u00f3n de 100-300 kHz. Esta caracter\u00edstica permite una gran profundidad de penetraci\u00f3n (18 cm) y una extensa \u00e1rea de indicaci\u00f3n.<\/span><\/p>\n<p><span>En pocas palabras<\/span><\/p>\n<ul>\n<li><span>Terapia no invasiva y ambulatoria; sin apenas efectos secundarios<\/span><\/li>\n<li><span>Campo de aplicaci\u00f3n terap\u00e9utica amplio<\/span><\/li>\n<li><span>Elevada frecuencia de oscilaci\u00f3n con gran profundidad de penetraci\u00f3n<\/span><\/li>\n<\/ul>\n<p>[\/et_pb_text][\/et_pb_column][\/et_pb_row][\/et_pb_section]<\/p>\n","protected":false},"excerpt":{"rendered":"<p>La terapia de magnetotransducci\u00f3n extracorp\u00f3rea ( EMTT) con MAGNETOLITH\u00ae ofrece nuevas posibilidades de regeneraci\u00f3n y rehabilitaci\u00f3n. Entre sus campos de aplicaci\u00f3n se incluyen algunas enfermedades del aparato motor, como dolores de espalda o tendinopat\u00edas del manguito rotador o del tend\u00f3n de Aquiles. La EMTT se diferencia de otras formas generales de magnetoterapia o PEMF por [&hellip;]<\/p>\n","protected":false},"author":1,"featured_media":0,"parent":0,"menu_order":0,"comment_status":"closed","ping_status":"closed","template":"","meta":{"_et_pb_use_builder":"on","_et_pb_old_content":"","_et_gb_content_width":"","footnotes":""},"class_list":["post-834","page","type-page","status-publish","hentry"],"yoast_head":"<!-- This site is optimized with the Yoast SEO plugin v26.8 - https:\/\/yoast.com\/product\/yoast-seo-wordpress\/ -->\n<title>Magnetolith - Physis Menorca<\/title>\n<meta name=\"robots\" content=\"index, follow, max-snippet:-1, max-image-preview:large, max-video-preview:-1\" \/>\n<link rel=\"canonical\" href=\"https:\/\/physis-menorca.com\/es\/magnetolith\/\" \/>\n<meta property=\"og:locale\" content=\"es_ES\" \/>\n<meta property=\"og:type\" content=\"article\" \/>\n<meta property=\"og:title\" content=\"Magnetolith - Physis Menorca\" \/>\n<meta property=\"og:description\" content=\"La terapia de magnetotransducci\u00f3n extracorp\u00f3rea ( EMTT) con MAGNETOLITH\u00ae ofrece nuevas posibilidades de regeneraci\u00f3n y rehabilitaci\u00f3n. Entre sus campos de aplicaci\u00f3n se incluyen algunas enfermedades del aparato motor, como dolores de espalda o tendinopat\u00edas del manguito rotador o del tend\u00f3n de Aquiles. La EMTT se diferencia de otras formas generales de magnetoterapia o PEMF por [&hellip;]\" \/>\n<meta property=\"og:url\" content=\"https:\/\/physis-menorca.com\/es\/magnetolith\/\" \/>\n<meta property=\"og:site_name\" content=\"Physis Menorca\" \/>\n<meta property=\"article:modified_time\" content=\"2025-01-28T12:00:45+00:00\" \/>\n<meta name=\"twitter:card\" content=\"summary_large_image\" \/>\n<meta name=\"twitter:label1\" content=\"Tiempo de lectura\" \/>\n\t<meta name=\"twitter:data1\" content=\"2 minutos\" \/>\n<script type=\"application\/ld+json\" class=\"yoast-schema-graph\">{\"@context\":\"https:\/\/schema.org\",\"@graph\":[{\"@type\":\"WebPage\",\"@id\":\"https:\/\/physis-menorca.com\/es\/magnetolith\/\",\"url\":\"https:\/\/physis-menorca.com\/es\/magnetolith\/\",\"name\":\"Magnetolith - Physis Menorca\",\"isPartOf\":{\"@id\":\"https:\/\/physis-menorca.com\/#website\"},\"datePublished\":\"2024-07-11T09:33:12+00:00\",\"dateModified\":\"2025-01-28T12:00:45+00:00\",\"breadcrumb\":{\"@id\":\"https:\/\/physis-menorca.com\/es\/magnetolith\/#breadcrumb\"},\"inLanguage\":\"es\",\"potentialAction\":[{\"@type\":\"ReadAction\",\"target\":[\"https:\/\/physis-menorca.com\/es\/magnetolith\/\"]}]},{\"@type\":\"BreadcrumbList\",\"@id\":\"https:\/\/physis-menorca.com\/es\/magnetolith\/#breadcrumb\",\"itemListElement\":[{\"@type\":\"ListItem\",\"position\":1,\"name\":\"Inici\",\"item\":\"https:\/\/physis-menorca.com\/es\/principal\/\"},{\"@type\":\"ListItem\",\"position\":2,\"name\":\"Magnetolith\"}]},{\"@type\":\"WebSite\",\"@id\":\"https:\/\/physis-menorca.com\/#website\",\"url\":\"https:\/\/physis-menorca.com\/\",\"name\":\"Physis Menorca\",\"description\":\"Physis se un centro de fisioterapia avanzada donde apostamos por el uso combinado de la terapia manual y de las t\u00e9cnicas m\u00e1s avances y por una formaci\u00f3n continuada y actualizada de nuestros profesionales para poder ofrecer el mejor servicio a nuestros pacientes.\",\"publisher\":{\"@id\":\"https:\/\/physis-menorca.com\/#organization\"},\"potentialAction\":[{\"@type\":\"SearchAction\",\"target\":{\"@type\":\"EntryPoint\",\"urlTemplate\":\"https:\/\/physis-menorca.com\/?s={search_term_string}\"},\"query-input\":{\"@type\":\"PropertyValueSpecification\",\"valueRequired\":true,\"valueName\":\"search_term_string\"}}],\"inLanguage\":\"es\"},{\"@type\":\"Organization\",\"@id\":\"https:\/\/physis-menorca.com\/#organization\",\"name\":\"Physis Menorca\",\"url\":\"https:\/\/physis-menorca.com\/\",\"logo\":{\"@type\":\"ImageObject\",\"inLanguage\":\"es\",\"@id\":\"https:\/\/physis-menorca.com\/#\/schema\/logo\/image\/\",\"url\":\"https:\/\/physis-menorca.com\/wp-content\/uploads\/2024\/05\/Group-1-1-1.png\",\"contentUrl\":\"https:\/\/physis-menorca.com\/wp-content\/uploads\/2024\/05\/Group-1-1-1.png\",\"width\":323,\"height\":119,\"caption\":\"Physis Menorca\"},\"image\":{\"@id\":\"https:\/\/physis-menorca.com\/#\/schema\/logo\/image\/\"},\"sameAs\":[\"https:\/\/www.instagram.com\/physis_menorca\"]}]}<\/script>\n<!-- \/ Yoast SEO plugin. -->","yoast_head_json":{"title":"Magnetolith - Physis Menorca","robots":{"index":"index","follow":"follow","max-snippet":"max-snippet:-1","max-image-preview":"max-image-preview:large","max-video-preview":"max-video-preview:-1"},"canonical":"https:\/\/physis-menorca.com\/es\/magnetolith\/","og_locale":"es_ES","og_type":"article","og_title":"Magnetolith - Physis Menorca","og_description":"La terapia de magnetotransducci\u00f3n extracorp\u00f3rea ( EMTT) con MAGNETOLITH\u00ae ofrece nuevas posibilidades de regeneraci\u00f3n y rehabilitaci\u00f3n. Entre sus campos de aplicaci\u00f3n se incluyen algunas enfermedades del aparato motor, como dolores de espalda o tendinopat\u00edas del manguito rotador o del tend\u00f3n de Aquiles. La EMTT se diferencia de otras formas generales de magnetoterapia o PEMF por [&hellip;]","og_url":"https:\/\/physis-menorca.com\/es\/magnetolith\/","og_site_name":"Physis Menorca","article_modified_time":"2025-01-28T12:00:45+00:00","twitter_card":"summary_large_image","twitter_misc":{"Tiempo de lectura":"2 minutos"},"schema":{"@context":"https:\/\/schema.org","@graph":[{"@type":"WebPage","@id":"https:\/\/physis-menorca.com\/es\/magnetolith\/","url":"https:\/\/physis-menorca.com\/es\/magnetolith\/","name":"Magnetolith - Physis Menorca","isPartOf":{"@id":"https:\/\/physis-menorca.com\/#website"},"datePublished":"2024-07-11T09:33:12+00:00","dateModified":"2025-01-28T12:00:45+00:00","breadcrumb":{"@id":"https:\/\/physis-menorca.com\/es\/magnetolith\/#breadcrumb"},"inLanguage":"es","potentialAction":[{"@type":"ReadAction","target":["https:\/\/physis-menorca.com\/es\/magnetolith\/"]}]},{"@type":"BreadcrumbList","@id":"https:\/\/physis-menorca.com\/es\/magnetolith\/#breadcrumb","itemListElement":[{"@type":"ListItem","position":1,"name":"Inici","item":"https:\/\/physis-menorca.com\/es\/principal\/"},{"@type":"ListItem","position":2,"name":"Magnetolith"}]},{"@type":"WebSite","@id":"https:\/\/physis-menorca.com\/#website","url":"https:\/\/physis-menorca.com\/","name":"Physis Menorca","description":"Physis se un centro de fisioterapia avanzada donde apostamos por el uso combinado de la terapia manual y de las t\u00e9cnicas m\u00e1s avances y por una formaci\u00f3n continuada y actualizada de nuestros profesionales para poder ofrecer el mejor servicio a nuestros pacientes.","publisher":{"@id":"https:\/\/physis-menorca.com\/#organization"},"potentialAction":[{"@type":"SearchAction","target":{"@type":"EntryPoint","urlTemplate":"https:\/\/physis-menorca.com\/?s={search_term_string}"},"query-input":{"@type":"PropertyValueSpecification","valueRequired":true,"valueName":"search_term_string"}}],"inLanguage":"es"},{"@type":"Organization","@id":"https:\/\/physis-menorca.com\/#organization","name":"Physis Menorca","url":"https:\/\/physis-menorca.com\/","logo":{"@type":"ImageObject","inLanguage":"es","@id":"https:\/\/physis-menorca.com\/#\/schema\/logo\/image\/","url":"https:\/\/physis-menorca.com\/wp-content\/uploads\/2024\/05\/Group-1-1-1.png","contentUrl":"https:\/\/physis-menorca.com\/wp-content\/uploads\/2024\/05\/Group-1-1-1.png","width":323,"height":119,"caption":"Physis Menorca"},"image":{"@id":"https:\/\/physis-menorca.com\/#\/schema\/logo\/image\/"},"sameAs":["https:\/\/www.instagram.com\/physis_menorca"]}]}},"_links":{"self":[{"href":"https:\/\/physis-menorca.com\/es\/wp-json\/wp\/v2\/pages\/834","targetHints":{"allow":["GET"]}}],"collection":[{"href":"https:\/\/physis-menorca.com\/es\/wp-json\/wp\/v2\/pages"}],"about":[{"href":"https:\/\/physis-menorca.com\/es\/wp-json\/wp\/v2\/types\/page"}],"author":[{"embeddable":true,"href":"https:\/\/physis-menorca.com\/es\/wp-json\/wp\/v2\/users\/1"}],"replies":[{"embeddable":true,"href":"https:\/\/physis-menorca.com\/es\/wp-json\/wp\/v2\/comments?post=834"}],"version-history":[{"count":11,"href":"https:\/\/physis-menorca.com\/es\/wp-json\/wp\/v2\/pages\/834\/revisions"}],"predecessor-version":[{"id":873,"href":"https:\/\/physis-menorca.com\/es\/wp-json\/wp\/v2\/pages\/834\/revisions\/873"}],"wp:attachment":[{"href":"https:\/\/physis-menorca.com\/es\/wp-json\/wp\/v2\/media?parent=834"}],"curies":[{"name":"wp","href":"https:\/\/api.w.org\/{rel}","templated":true}]}}